{"id":7,"date":"2011-07-14T19:45:42","date_gmt":"2011-07-14T19:45:42","guid":{"rendered":"http:\/\/192.168.9.29\/Development\/TB\/?page_id=7"},"modified":"2023-11-08T09:34:32","modified_gmt":"2023-11-08T02:34:32","slug":"products-services","status":"publish","type":"page","link":"https:\/\/fujicac.com\/vi\/products-services\/","title":{"rendered":"S\u1ea3n ph\u1ea9m &#038; D\u1ecbch v\u1ee5"},"content":{"rendered":"<p style=\"text-align: justify;\"><div class=\"row \"> <div class=\"span8 \"><div class=\"hr\"><\/div><!-- .hr (end) --> <img loading=\"lazy\" decoding=\"async\" class=\"size-full wp-image-1937 alignleft\" src=\"http:\/\/fujicac.com\/wp-content\/uploads\/2011\/07\/services.jpg\" alt=\"services\" width=\"270\" height=\"170\" \/>T\u1eeb n\u0103m 1995 Fuji CAC \u0111\u00e3 \u0111\u01b0\u1ee3c c\u00f4ng nh\u1eadn l\u00e0 m\u1ed9t \u0111\u1ed1i t\u00e1c \u0111\u00e1ng tin c\u1eady c\u1ee7a nhi\u1ec1u c\u00f4ng ty \u0111a qu\u1ed1c gia, ch\u00fang t\u00f4i kh\u1eb3ng \u0111\u1ecbnh th\u01b0\u01a1ng hi\u1ec7u th\u1ecb tr\u01b0\u1eddng b\u1eb1ng c\u00e1ch tham gia \u1edf t\u1ea5t c\u1ea3 c\u00e1c giai \u0111o\u1ea1n c\u1ee7a d\u1ef1 \u00e1n c\u1ee7a kh\u00e1ch h\u00e0ng b\u1eaft \u0111\u1ea7u t\u1eeb giai \u0111o\u1ea1n thi\u1ebft k\u1ebf c\u01a1 s\u1edf cho \u0111\u1ebfn giai \u0111o\u1ea1n th\u1ef1c hi\u1ec7n v\u00e0 v\u1eadn h\u00e0nh ch\u1ea1y th\u1eed. D\u1ecbch v\u1ee5 ch\u00fang t\u00f4i cung c\u1ea5p cho kh\u00e1ch h\u00e0ng bao g\u1ed3m:<\/p>\n<div class=\"clear\"><\/div><!-- .clear (end) --><div class=\"hr\"><\/div><!-- .hr (end) -->\n<div class=\"row \"><\/div><!-- .row (end) --> <div class=\"span8 \"><\/div>\n<p style=\"text-align: left;\"><span style=\"text-decoration: underline;\"><span style=\"font-size: 12pt; color: #0000ff;\"><strong>S\u1ea2N PH\u1ea8M C\u1ee6A FUJI CAC<\/strong><\/span><\/span><\/p>\n<p style=\"text-align: left;\"><img loading=\"lazy\" decoding=\"async\" class=\"alignleft size-full wp-image-3815\" src=\"http:\/\/fujicac.com\/wp-content\/uploads\/2011\/07\/fujicac-1.png\" alt=\"fujicac-1\" width=\"200\" height=\"63\" \/><\/p>\n<p style=\"text-align: left;\">\u00a0<\/p>\n<p style=\"text-align: left;\">\u00a0<\/p>\n<p style=\"text-align: left;\">\u00a0<\/p>\n<ul style=\"list-style-type: square;\">\n<li style=\"text-align: left;\"><span style=\"color: #0000ff;\"><a style=\"color: #0000ff;\" href=\"http:\/\/fujicac.com\/products-services\/solar-system\/\">H\u1ec7 th\u1ed1ng n\u0103ng l\u01b0\u1ee3ng m\u1eb7t tr\u1eddi<\/a><\/span><\/li>\n<li style=\"text-align: left;\"><span style=\"color: #0000ff;\"><a style=\"color: #0000ff;\" href=\"http:\/\/fujicac.com\/products-services\/ve-terminal\/\">Ve_Termial<\/a><\/span><\/li>\n<li style=\"text-align: left;\"><span style=\"color: #0000ff;\"><a style=\"color: #0000ff;\" href=\"http:\/\/fujicac.com\/products-services\/simatic-batch-customize-report\/\">Simatic Batch Customize Report<\/a><\/span><\/li>\n<li style=\"text-align: left;\"><span style=\"color: #0000ff;\"><a style=\"color: #0000ff;\" href=\"http:\/\/fujicac.com\/products-services\/energy-management-system\/\">H\u1ec7 th\u1ed1ng qu\u1ea3n l\u00fd n\u0103ng l\u01b0\u1ee3ng (EMS)<\/a><\/span><\/li>\n<\/ul>\n<div id=\"products\">\u00a0<\/div>\n<div class=\"clear\"><\/div><!-- .clear (end) --><div class=\"hr\"><\/div><!-- .hr (end) -->\n<div class=\"row \"><\/div><!-- .row (end) --> <div class=\"span8 \"><\/div> <img loading=\"lazy\" decoding=\"async\" class=\"alignleft wp-image-2871 size-full\" src=\"http:\/\/fujicac.com\/wp-content\/uploads\/2015\/10\/service_onestop.jpg\" alt=\"\" width=\"270\" height=\"110\" \/><strong><span style=\"color: #0000ff;\"> D\u1ecaCH V\u1ee4 TR\u1eccN G\u00d3I<\/span><br \/><\/strong><\/p>\n<p style=\"text-align: justify;\">V\u1edbi \u00fd t\u01b0\u1edfng cung c\u1ea5p c\u00e1c d\u1ecbch v\u1ee5 thu\u1eadn ti\u1ec7n v\u00e0 hi\u1ec7u qu\u1ea3 v\u00e0 c\u0169ng \u0111\u1ec3 t\u1ea1o c\u01a1 h\u1ed9i cho kh\u00e1ch h\u00e0ng v\u00e0 kh\u00e1ch h\u00e0ng. Cam k\u1ebft c\u1ee7a ch\u00fang t\u00f4i v\u1edbi kh\u00e1ch h\u00e0ng bao g\u1ed3m m\u1ed9t d\u1ecbch v\u1ee5 chuy\u00ean nghi\u1ec7p r\u1ed9ng. <a href=\"http:\/\/fujicac.com\/en\/products-services\/one-stop-shop-service\/\">Xem th\u00eam<\/a><\/p>\n<div class=\"clear\"><\/div><!-- .clear (end) --><div class=\"hr\"><\/div><!-- .hr (end) -->\n<div class=\"row \"><\/div><!-- .row (end) --> <div class=\"span8 \"><\/div><img loading=\"lazy\" decoding=\"async\" class=\"alignleft wp-image-2872 size-full\" src=\"http:\/\/fujicac.com\/wp-content\/uploads\/2015\/10\/service_pj.jpg\" alt=\"\" width=\"270\" height=\"110\" \/><strong><span style=\"color: #0000ff;\"> QU\u1ea2N L\u00dd D\u1ef0 \u00c1N<\/span><br \/><\/strong><\/p>\n<p style=\"text-align: justify;\">Qu\u1ea3n l\u00fd d\u1ef1 \u00e1n l\u00e0 \u0111i\u1ec3m c\u1ed1t l\u1ecfi cho th\u00e0nh c\u00f4ng m\u1ed7i d\u1ef1 \u00e1n. Fuji CAC kh\u00f4ng ch\u1ec9 cung c\u1ea5p m\u1ed9t \u0111\u1ed9i ng\u0169 qu\u1ea3n l\u00fd d\u1ef1 \u00e1n c\u00f3 tr\u00ecnh \u0111\u1ed9 cao v\u00e0 d\u00e0nh ri\u00eang cho t\u1eebng kh\u00e1ch h\u00e0ng, m\u00e0 c\u00f2n \u00e1p d\u1ee5ng ti\u00eau chu\u1ea9n qu\u1ea3n l\u00fd d\u1ef1 \u00e1n qu\u1ed1c t\u1ebf \u0111\u1ec3 th\u1ef1c hi\u1ec7n d\u1ef1 \u00e1n (PMI). <a href=\"http:\/\/fujicac.com\/en\/products-services\/project-management\/\">Xem th\u00eam<\/a><\/p><\/div>\n<div class=\"span4 \"><h3><span style=\"text-decoration: underline;\">D\u1ef1 \u00e1n ti\u00eau bi\u1ec3u<br \/><\/span><\/h3>\n<div class=\"list styled custom-list\">\n<ul>\n<li><a href=\"http:\/\/fujicac.com\/projects\/\">TH\u1ef0C PH\u1ea8M &amp; N\u01af\u1edaC GI\u1ea2I KH\u00c1T<\/a><\/li>\n<li><a href=\"http:\/\/fujicac.com\/projects\/\">D\u1ea6U KH\u00cd &amp; N\u0102NG L\u01af\u1ee2NG<\/a><\/li>\n<li><a href=\"http:\/\/fujicac.com\/projects\/\">H\u00d3A CH\u1ea4T &amp; PH\u00c2N B\u00d3N<\/a><\/li>\n<li><a href=\"http:\/\/fujicac.com\/projects\/\">C\u01a0 S\u1ede H\u1ea0 T\u1ea6NG &amp; V\u1eacT CH\u1ea4T V\u00c0 M\u1ea2NG C\u1ea6N C\u1ea8U<\/a><\/li>\n<li><a href=\"http:\/\/fujicac.com\/projects\/\">XI M\u0102NG &amp; VLXD<\/a><\/li>\n<li><a href=\"http:\/\/fujicac.com\/projects\/\">N\u0102NG L\u01af\u1ee2NG M\u1eb6T TR\u1edcI &amp; N\u0102NG L\u01af\u1ee2NG T\u00c1I T\u1ea0O<\/a><\/li>\n<\/ul>\n<\/div><\/div>\n<\/div><!-- .row (end) -->","protected":false},"excerpt":{"rendered":"","protected":false},"author":5,"featured_media":0,"parent":0,"menu_order":1,"comment_status":"closed","ping_status":"closed","template":"page-fullwidth.php","meta":{"footnotes":""},"class_list":["post-7","page","type-page","status-publish","hentry"],"_links":{"self":[{"href":"https:\/\/fujicac.com\/vi\/wp-json\/wp\/v2\/pages\/7","targetHints":{"allow":["GET"]}}],"collection":[{"href":"https:\/\/fujicac.com\/vi\/wp-json\/wp\/v2\/pages"}],"about":[{"href":"https:\/\/fujicac.com\/vi\/wp-json\/wp\/v2\/types\/page"}],"author":[{"embeddable":true,"href":"https:\/\/fujicac.com\/vi\/wp-json\/wp\/v2\/users\/5"}],"replies":[{"embeddable":true,"href":"https:\/\/fujicac.com\/vi\/wp-json\/wp\/v2\/comments?post=7"}],"version-history":[{"count":101,"href":"https:\/\/fujicac.com\/vi\/wp-json\/wp\/v2\/pages\/7\/revisions"}],"predecessor-version":[{"id":5158,"href":"https:\/\/fujicac.com\/vi\/wp-json\/wp\/v2\/pages\/7\/revisions\/5158"}],"wp:attachment":[{"href":"https:\/\/fujicac.com\/vi\/wp-json\/wp\/v2\/media?parent=7"}],"curies":[{"name":"wp","href":"https:\/\/api.w.org\/{rel}","templated":true}]}}