{"id":4056,"date":"2020-04-09T17:48:17","date_gmt":"2020-04-09T10:48:17","guid":{"rendered":"http:\/\/fujicac.com\/?page_id=4056"},"modified":"2020-04-28T10:11:51","modified_gmt":"2020-04-28T03:11:51","slug":"simatic-batch-customize-report","status":"publish","type":"page","link":"https:\/\/fujicac.com\/vi\/products-services\/simatic-batch-customize-report\/","title":{"rendered":"L\u1eadp b\u00e1o c\u00e1o Simatic Batch theo y\u00eau c\u1ea7u c\u1ee7a kh\u00e1ch h\u00e0ng"},"content":{"rendered":"<p>&nbsp;<\/p>\n<p><span style=\"text-decoration: underline; font-size: 14pt; color: #0000ff;\"><strong>L\u1eadp b\u00e1o c\u00e1o\u00a0Simatic Batch theo y\u00eau c\u1ea7u c\u1ee7a kh\u00e1ch h\u00e0ng\u00a0<\/strong><\/span><\/p>\n<p><u><b>Ch\u1ee9c n\u0103ng:<\/b><\/u><\/p>\n<ul style=\"list-style-type: square;\">\n<li style=\"text-align: justify;\">\u0110\u1ecdc v\u00e0 ph\u00e2n t\u00edch d\u1eef li\u1ec7u t\u1eeb c\u01a1 s\u1edf d\u1eef li\u1ec7u Simatic Batch c\u1ee7a Siemens.<\/li>\n<li style=\"text-align: justify;\">T\u1ea1o b\u00e1o c\u00e1o Batch, B\u00e1o c\u00e1o t\u00f3m t\u1eaft Batch, b\u00e1o c\u00e1o s\u1eed d\u1ee5ng v\u1eadt li\u1ec7u Batch \u0111\u00e1p \u1ee9ng v\u1edbi y\u00eau c\u1ea7u c\u1ee7a kh\u00e1ch h\u00e0ng.<\/li>\n<li style=\"text-align: justify;\">T\u1ea1o b\u00e1o c\u00e1o cho c\u00e1c h\u1ec7 th\u1ed1ng kh\u00e1c trong nh\u00e0 m\u00e1y: v\u1eadt li\u1ec7u \u0111i\u1ec7n, Pelleting,\u00a0m\u00e0i, nh\u1eadp v\u00e0 xu\u1ea5t nguy\u00ean li\u1ec7u....<\/li>\n<li style=\"text-align: justify;\">T\u1ef1 \u0111\u1ed9ng b\u00e1o c\u00e1o theo l\u1ecbch tr\u00ecnh qua email, tin nh\u1eafn b\u1eb1ng file excel, PDF, v.v..<\/li>\n<\/ul>\n<p><img loading=\"lazy\" decoding=\"async\" class=\"alignleft size-large wp-image-3884\" src=\"http:\/\/fujicac.com\/wp-content\/uploads\/2020\/02\/11-1024x572.jpg\" alt=\"1\" width=\"604\" height=\"337\" srcset=\"https:\/\/fujicac.com\/wp-content\/uploads\/2020\/02\/11-1024x572.jpg 1024w, https:\/\/fujicac.com\/wp-content\/uploads\/2020\/02\/11-300x168.jpg 300w, https:\/\/fujicac.com\/wp-content\/uploads\/2020\/02\/11.jpg 1190w\" sizes=\"auto, (max-width: 604px) 100vw, 604px\" \/><img loading=\"lazy\" decoding=\"async\" class=\"alignleft size-large wp-image-3885\" src=\"http:\/\/fujicac.com\/wp-content\/uploads\/2020\/02\/21-1024x575.jpg\" alt=\"2\" width=\"604\" height=\"339\" srcset=\"https:\/\/fujicac.com\/wp-content\/uploads\/2020\/02\/21-1024x575.jpg 1024w, https:\/\/fujicac.com\/wp-content\/uploads\/2020\/02\/21-300x169.jpg 300w, https:\/\/fujicac.com\/wp-content\/uploads\/2020\/02\/21.jpg 1280w\" sizes=\"auto, (max-width: 604px) 100vw, 604px\" \/><img loading=\"lazy\" decoding=\"async\" class=\"alignleft size-large wp-image-3886\" src=\"http:\/\/fujicac.com\/wp-content\/uploads\/2020\/02\/31-1024x574.jpg\" alt=\"3\" width=\"604\" height=\"339\" srcset=\"https:\/\/fujicac.com\/wp-content\/uploads\/2020\/02\/31-1024x574.jpg 1024w, https:\/\/fujicac.com\/wp-content\/uploads\/2020\/02\/31-300x168.jpg 300w, https:\/\/fujicac.com\/wp-content\/uploads\/2020\/02\/31.jpg 1187w\" sizes=\"auto, (max-width: 604px) 100vw, 604px\" \/><\/p>","protected":false},"excerpt":{"rendered":"&nbsp; L\u1eadp b\u00e1o c\u00e1o\u00a0Simatic Batch theo y\u00eau c\u1ea7u c\u1ee7a kh\u00e1ch h\u00e0ng\u00a0 Ch\u1ee9c n\u0103ng: \u0110\u1ecdc v\u00e0 ph\u00e2n t\u00edch d\u1eef li\u1ec7u t\u1eeb c\u01a1 s\u1edf d\u1eef li\u1ec7u Simatic Batch c\u1ee7a Siemens. T\u1ea1o b\u00e1o c\u00e1o Batch, B\u00e1o c\u00e1o t\u00f3m t\u1eaft Batch, b\u00e1o c\u00e1o s\u1eed d\u1ee5ng v\u1eadt li\u1ec7u Batch \u0111\u00e1p \u1ee9ng v\u1edbi y\u00eau c\u1ea7u c\u1ee7a kh\u00e1ch h\u00e0ng. T\u1ea1o b\u00e1o c\u00e1o cho c\u00e1c h\u1ec7 th\u1ed1ng kh\u00e1c&nbsp;<a href=\"https:\/\/fujicac.com\/vi\/products-services\/simatic-batch-customize-report\/\" class=\"read-more\">Continue Reading<\/a>","protected":false},"author":8,"featured_media":0,"parent":7,"menu_order":0,"comment_status":"closed","ping_status":"closed","template":"","meta":{"footnotes":""},"class_list":["post-4056","page","type-page","status-publish","hentry"],"_links":{"self":[{"href":"https:\/\/fujicac.com\/vi\/wp-json\/wp\/v2\/pages\/4056","targetHints":{"allow":["GET"]}}],"collection":[{"href":"https:\/\/fujicac.com\/vi\/wp-json\/wp\/v2\/pages"}],"about":[{"href":"https:\/\/fujicac.com\/vi\/wp-json\/wp\/v2\/types\/page"}],"author":[{"embeddable":true,"href":"https:\/\/fujicac.com\/vi\/wp-json\/wp\/v2\/users\/8"}],"replies":[{"embeddable":true,"href":"https:\/\/fujicac.com\/vi\/wp-json\/wp\/v2\/comments?post=4056"}],"version-history":[{"count":5,"href":"https:\/\/fujicac.com\/vi\/wp-json\/wp\/v2\/pages\/4056\/revisions"}],"predecessor-version":[{"id":4123,"href":"https:\/\/fujicac.com\/vi\/wp-json\/wp\/v2\/pages\/4056\/revisions\/4123"}],"up":[{"embeddable":true,"href":"https:\/\/fujicac.com\/vi\/wp-json\/wp\/v2\/pages\/7"}],"wp:attachment":[{"href":"https:\/\/fujicac.com\/vi\/wp-json\/wp\/v2\/media?parent=4056"}],"curies":[{"name":"wp","href":"https:\/\/api.w.org\/{rel}","templated":true}]}}