{"id":2349,"date":"2015-10-24T18:00:03","date_gmt":"2015-10-24T11:00:03","guid":{"rendered":"http:\/\/fujicac.com\/?page_id=2349"},"modified":"2019-05-21T16:19:29","modified_gmt":"2019-05-21T09:19:29","slug":"one-stop-shop-service","status":"publish","type":"page","link":"https:\/\/fujicac.com\/vi\/products-services\/one-stop-shop-service\/","title":{"rendered":"D\u1ecbch v\u1ee5 tr\u1ecdn g\u00f3i"},"content":{"rendered":"<p>V\u1edbi mong mu\u1ed1n cung c\u1ea5p c\u00e1c d\u1ecbch v\u1ee5 thu\u1eadn ti\u1ec7n v\u00e0 hi\u1ec7u qu\u1ea3 v\u00e0 c\u0169ng \u0111\u1ec3 t\u1ea1o c\u01a1 h\u1ed9i cho kh\u00e1ch h\u00e0ng. Cam k\u1ebft c\u1ee7a ch\u00fang t\u00f4i s\u1ebd mang l\u1ea1i c\u00e1c d\u1ecbch v\u1ee5 chuy\u00ean nghi\u1ec7p, \u0111a d\u1ea1ng.<\/p>\n<div class=\"list styled custom-list\">\n<ul>\n<li style=\"text-align: justify;\">K\u1ef9 thu\u1eadt (\u0110i\u1ec7n, \u0110i\u1ec1u khi\u1ec3n t\u1ef1 \u0111\u1ed9ng) &amp; Thi\u1ebft k\u1ebf.<\/li>\n<li style=\"text-align: justify;\">Mua s\u1eafm, \u0111\u1eb7t tr\u1ecdng t\u00e2m giao h\u00e0ng nhanh v\u00e0 k\u1ecbp th\u1eddi, gia t\u0103ng gi\u00e1 tr\u1ecb d\u1ecbch v\u1ee5 t\u1eeb \u0111\u1ed9i ng\u0169 nh\u00e2n vi\u00ean Fuji CAC v\u1edbi k\u1ef9 thu\u1eadt chuy\u00ean m\u00f4n cao.<\/li>\n<li style=\"text-align: justify;\">Qu\u1ea3n l\u00fd thi c\u00f4ng, gi\u00e1m s\u00e1t thi c\u00f4ng v\u00e0 l\u1eafp \u0111\u1eb7t.<\/li>\n<li style=\"text-align: justify;\">D\u1ecbch v\u1ee5 gi\u00e1m \u0111\u1ecbnh c\u1ee7a b\u00ean th\u1ee9 ba.<\/li>\n<li style=\"text-align: justify;\">Th\u1eed nghi\u1ec7m &amp; V\u1eadn h\u00e0nh.<\/li>\n<li style=\"text-align: justify;\">B\u1ea3o tr\u00ec v\u00e0 n\u00e2ng c\u1ea5p.<\/li>\n<li style=\"text-align: justify;\">C\u00e1c d\u1ef1 \u00e1n ch\u00eca kh\u00f3a trao tay<\/li>\n<li style=\"text-align: justify;\">Kh\u1edfi \u0111\u1ed9ng<\/li>\n<li style=\"text-align: justify;\">D\u1eebng m\u00e1y<\/li>\n<li style=\"text-align: justify;\">Thay th\u1ebf n\u00e2ng c\u1ea5p h\u1ec7 th\u1ed1ng d\u00e2y chuy\u1ec1n \u0111ang duy tr\u00ec v\u1eadn h\u00e0nh (Hot Changeover).<\/li>\n<li style=\"text-align: justify;\">Qu\u1ea3n l\u00fd d\u1ef1 \u00e1n T\u1ed5ng th\u1ec3, K\u1ebf ho\u1ea1ch Th\u1ef1c hi\u1ec7n d\u1ef1 \u00e1n, ki\u1ec3m so\u00e1t chi ph\u00ed d\u1ef1 \u00e1n.<\/li>\n<li style=\"text-align: justify;\">D\u1ecbch v\u1ee5 24 gi\u1edd m\u1ed9t ng\u00e0y, 7 ng\u00e0y m\u1ed9t tu\u1ea7n, s\u1eb5n s\u00e0ng cho vi\u1ec7c x\u1eed l\u00fd trong c\u00e1c tr\u01b0\u1eddng h\u1ee3p kh\u1ea9n c\u1ea5p b\u1ea5t ng\u1edd.<\/li>\n<li style=\"text-align: justify;\">D\u1ecbch v\u1ee5 h\u1eadu m\u00e3i.<\/li>\n<\/ul>\n<\/div>","protected":false},"excerpt":{"rendered":"V\u1edbi mong mu\u1ed1n cung c\u1ea5p c\u00e1c d\u1ecbch v\u1ee5 thu\u1eadn ti\u1ec7n v\u00e0 hi\u1ec7u qu\u1ea3 v\u00e0 c\u0169ng \u0111\u1ec3 t\u1ea1o c\u01a1 h\u1ed9i cho kh\u00e1ch h\u00e0ng. Cam k\u1ebft c\u1ee7a ch\u00fang t\u00f4i s\u1ebd mang l\u1ea1i c\u00e1c d\u1ecbch v\u1ee5 chuy\u00ean nghi\u1ec7p, \u0111a d\u1ea1ng. K\u1ef9 thu\u1eadt (\u0110i\u1ec7n, \u0110i\u1ec1u khi\u1ec3n t\u1ef1 \u0111\u1ed9ng) &amp; Thi\u1ebft k\u1ebf. Mua s\u1eafm, \u0111\u1eb7t tr\u1ecdng t\u00e2m giao h\u00e0ng nhanh v\u00e0 k\u1ecbp th\u1eddi, gia t\u0103ng&nbsp;<a href=\"https:\/\/fujicac.com\/vi\/products-services\/one-stop-shop-service\/\" class=\"read-more\">Continue Reading<\/a>","protected":false},"author":5,"featured_media":0,"parent":7,"menu_order":0,"comment_status":"closed","ping_status":"closed","template":"","meta":{"footnotes":""},"class_list":["post-2349","page","type-page","status-publish","hentry"],"_links":{"self":[{"href":"https:\/\/fujicac.com\/vi\/wp-json\/wp\/v2\/pages\/2349","targetHints":{"allow":["GET"]}}],"collection":[{"href":"https:\/\/fujicac.com\/vi\/wp-json\/wp\/v2\/pages"}],"about":[{"href":"https:\/\/fujicac.com\/vi\/wp-json\/wp\/v2\/types\/page"}],"author":[{"embeddable":true,"href":"https:\/\/fujicac.com\/vi\/wp-json\/wp\/v2\/users\/5"}],"replies":[{"embeddable":true,"href":"https:\/\/fujicac.com\/vi\/wp-json\/wp\/v2\/comments?post=2349"}],"version-history":[{"count":7,"href":"https:\/\/fujicac.com\/vi\/wp-json\/wp\/v2\/pages\/2349\/revisions"}],"predecessor-version":[{"id":3692,"href":"https:\/\/fujicac.com\/vi\/wp-json\/wp\/v2\/pages\/2349\/revisions\/3692"}],"up":[{"embeddable":true,"href":"https:\/\/fujicac.com\/vi\/wp-json\/wp\/v2\/pages\/7"}],"wp:attachment":[{"href":"https:\/\/fujicac.com\/vi\/wp-json\/wp\/v2\/media?parent=2349"}],"curies":[{"name":"wp","href":"https:\/\/api.w.org\/{rel}","templated":true}]}}