{"id":2315,"date":"2015-10-24T20:53:52","date_gmt":"2015-10-24T13:53:52","guid":{"rendered":"http:\/\/fujicac.com\/?page_id=2315"},"modified":"2025-06-09T14:26:42","modified_gmt":"2025-06-09T07:26:42","slug":"what-we-do","status":"publish","type":"page","link":"https:\/\/fujicac.com\/vi\/what-we-do\/","title":{"rendered":"L\u0129nh V\u1ef1c Kinh Doanh"},"content":{"rendered":"<div class=\"mp-row-fluid motopress-row\">\n<div class=\"mp-span12 motopress-clmn\">\n<div class=\"motopress-text-obj\">\n<h3>Chi\u1ebfn l\u01b0\u1ee3c ph\u00e1t tri\u1ec3n<\/h3>\n<\/div>\n<\/div>\n<\/div>\n<div class=\"mp-row-fluid motopress-row\">\n<div class=\"mp-span12 motopress-clmn\">\n<div class=\"motopress-text-obj\">\n<p style=\"text-align: justify;\">\u0110\u1ec3 h\u1ed7 tr\u1ee3 m\u1ee5c ti\u00eau tr\u1edf th\u00e0nh nh\u00e0 cung c\u1ea5p gi\u1ea3i ph\u00e1p t\u1ed5ng th\u1ec3 th\u1ef1c hi\u1ec7n c\u00e1c d\u1ef1 \u00e1n m\u1ed9t c\u00e1ch to\u00e0n di\u1ec7n, Fuji CAC \u0111\u00e3 th\u00e0nh l\u1eadp Ph\u00f2ng K\u1ef9 thu\u1eadt, Mua h\u00e0ng, Thi c\u00f4ng v\u00e0 Kinh doanh. Ch\u00fang t\u00f4i c\u0169ng ti\u1ebfp t\u1ee5c nh\u1eb1m \u0111\u1ea3m b\u1ea3o c\u00e1c n\u0103ng l\u1ef1c thi\u1ebft y\u1ebfu cho t\u1eebng quy tr\u00ecnh, bao g\u1ed3m c\u1ea3 vi\u1ec7c ph\u00e1t tri\u1ec3n nh\u00e0 x\u01b0\u1edfng \u0111\u1ed9c l\u1eadp.<\/p>\n<p style=\"text-align: justify;\">Th\u00eam v\u00e0o \u0111\u00f3, Fuji CAC s\u1ebd mang \u0111\u1ebfn s\u1ef1 h\u00e0i l\u00f2ng v\u00e0 d\u1ecbch v\u1ee5 t\u1ed1t h\u01a1n cho kh\u00e1ch h\u00e0ng xung quanh b\u1eb1ng c\u00e1ch t\u0103ng c\u01b0\u1eddng h\u01a1n n\u1eefa chuy\u00ean m\u00f4n c\u1ed1t l\u00f5i v\u00e0 c\u00f4ng ngh\u1ec7 m\u1edbi nh\u1ea5t.<\/p>\n<p style=\"text-align: justify;\">V\u1edbi mong mu\u00f4n cung c\u1ea5p c\u00e1c d\u1ecbch v\u1ee5 thu\u1eadn ti\u1ec7n v\u00e0 hi\u1ec7u qu\u1ea3 v\u00e0 c\u0169ng \u0111\u1ec3 t\u1ea1o c\u01a1 h\u1ed9i cho kh\u00e1ch h\u00e0ng. Cam k\u1ebft c\u1ee7a ch\u00fang t\u00f4i s\u1ebd mang l\u1ea1i c\u00e1c d\u1ecbch v\u1ee5 chuy\u00ean nghi\u1ec7p, \u0111a d\u1ea1ng.<\/p>\n<p style=\"text-align: justify;\">\u00a0<\/p>\n<p><img loading=\"lazy\" decoding=\"async\" class=\"aligncenter wp-image-2826 size-full\" src=\"http:\/\/fujicac.com\/wp-content\/uploads\/2015\/10\/cac_businesssector_chart_vi.jpg\" alt=\"\" width=\"540\" height=\"236\" \/><\/p>\n<\/div>\n<\/div>\n<\/div>\n<div class=\"mp-row-fluid motopress-row\">\n<div class=\"mp-span12 motopress-clmn\">\n<div class=\"mp-row-fluid motopress-row\">\n<div class=\"mp-span12 motopress-clmn\">\n<div class=\"motopress-text-obj\">\n<h3>\u00a0<\/h3>\n<h3>L\u0129nh V\u1ef1c Kinh Doanh<\/h3>\n<\/div>\n<\/div>\n<\/div>\n<div class=\"mp-row-fluid motopress-row\">\n<div class=\"mp-span12 motopress-clmn\">\n<div class=\"motopress-text-obj\">\n<p style=\"text-align: justify;\">Fuji CAC cung c\u1ea5p s\u1ea3n ph\u1ea9m v\u00e0 d\u1ecbch v\u1ee5 \u0110\u00fang v\u00e0 Ph\u00f9 h\u1ee3p v\u1edbi M\u1ee5c \u0111\u00edch c\u1ee7a kh\u00e1ch h\u00e0ng\u00a0theo to\u00e0n b\u1ed9 v\u00f2ng \u0111\u1eddi\u00a0d\u1ef1 \u00e1n, t\u1eeb kh\u00e2u Kh\u1ea3o s\u00e1t K\u1ef9 thu\u1eadt, Thi\u1ebft k\u1ebf \u0111\u1ebfn khi ho\u00e0n th\u00e0nh vi\u1ec7c v\u1eadn h\u00e0nh v\u00e0 b\u1ea3o tr\u00ec. \u0110i\u1ec1u n\u00e0y gi\u00fap t\u1ed1i \u01b0u h\u00f3a hi\u1ec7u su\u1ea5t, \u0111\u1ed3ng th\u1eddi gi\u1ea3m chi ph\u00ed \u0111i\u1ec1u h\u00e0nh v\u00e0 b\u1ea3o tr\u00ec, cho ph\u00e9p t\u1ed1i \u01b0u h\u00f3a th\u1eddi gian giao h\u00e0ng, v\u00e0 do \u0111\u00f3 duy tr\u00ec s\u1ef1 h\u00e0i l\u00f2ng c\u1ee7a kh\u00e1ch h\u00e0ng \u1edf m\u1ee9c \u0111\u1ed9 cao nh\u1ea5t.<\/p>\n<p style=\"text-align: justify;\">V\u1edbi chuy\u00ean m\u00f4n v\u1eefng ch\u1eafc v\u00e0 h\u01a1n 20 n\u0103m kinh nghi\u1ec7m c\u1ee7a ch\u00fang t\u00f4i trong l\u0129nh v\u1ef1c h\u1ec7 th\u1ed1ng \u0111i\u1ec7n v\u00e0 t\u1ef1 \u0111\u1ed9ng h\u00f3a \u0111\u1ea3m b\u1ea3o c\u00e1c gi\u1ea3i ph\u00e1p \u0111\u00e1ng tin c\u1eady nh\u1ea5t, ch\u1ea5t l\u01b0\u1ee3ng t\u1ed1t v\u00e0 chi ph\u00ed hi\u1ec7u qu\u1ea3 nh\u1ea5t cho kh\u00e1ch h\u00e0ng.<\/p>\n<p style=\"text-align: left;\"><img loading=\"lazy\" decoding=\"async\" class=\"alignnone wp-image-3435 size-full\" src=\"http:\/\/fujicac.com\/wp-content\/uploads\/2015\/10\/ok123.png\" alt=\"ok123\" width=\"1200\" height=\"450\" srcset=\"https:\/\/fujicac.com\/wp-content\/uploads\/2015\/10\/ok123.png 1200w, https:\/\/fujicac.com\/wp-content\/uploads\/2015\/10\/ok123-300x113.png 300w, https:\/\/fujicac.com\/wp-content\/uploads\/2015\/10\/ok123-1024x384.png 1024w\" sizes=\"auto, (max-width: 1200px) 100vw, 1200px\" \/><\/p>\n<div class=\"span3 \"><p style=\"text-align: left;\"><strong>H\u1ec7 th\u1ed1ng \u0111i\u1ec7n v\u00e0 n\u0103ng l\u01b0\u1ee3ng:<\/strong><\/p>\n<ul>\n<li style=\"text-align: justify;\">Tr\u1ea1m bi\u1ebfn \u00e1p: Tr\u1ea1m bi\u1ebfn \u00e1p Cao th\u1ebf, Trung Th\u1ebf v\u00e0 H\u1ea1 Th\u1ebf.<\/li>\n<li style=\"text-align: justify;\">H\u1ec7 th\u1ed1ng qu\u1ea3n l\u00fd \u0111i\u1ec7n n\u0103ng v\u00e0 n\u0103ng l\u01b0\u1ee3ng.<\/li>\n<li style=\"text-align: justify;\">H\u1ec7 th\u1ed1ng t\u1ee7 ph\u00e2n ph\u1ed1i t\u1eeb ngu\u1ed3n Cao th\u1ebf\/Trung Th\u1ebf t\u1edbi H\u1ea1 Th\u1ebf.<\/li>\n<li style=\"text-align: justify;\">Thi\u1ebft b\u1ecb \u0111i\u1ec7n: T\u1ee7 \u0111i\u1ec7n Trung Th\u1ebf, H\u1ea1 Th\u1ebf, T\u1ee7 ph\u00e2n ph\u1ed1i \u0111i\u1ec7n, Thanh d\u1eabn \u0111i\u1ec7n, M\u00e1y bi\u1ebfn \u00e1p.<\/li>\n<li style=\"text-align: justify;\">Cung c\u1ea5p v\u00e0 l\u1eafp \u0111\u1eb7t ngu\u1ed3n d\u1ef1 ph\u00f2ng kh\u1ea9n c\u1ea5p: M\u00e1y ph\u00e1t \u0111i\u1ec7n &amp; UPS.<\/li>\n<\/ul><\/div>\n<div class=\"span3 \"><p><strong>H\u1ec7 th\u1ed1ng t\u1ef1 \u0111\u1ed9ng h\u00f3a v\u00e0 h\u1ec7 th\u1ed1ng \u0111i\u1ec1u khi\u1ec3n:<\/strong><\/p>\n<ul>\n<li style=\"text-align: justify;\">H\u1ec7 th\u1ed1ng \u0111i\u1ec1u khi\u1ec3n ph\u00e2n t\u00e1n (DCS).<\/li>\n<li style=\"text-align: justify;\">H\u1ec7 th\u1ed1ng PLC - SCADA.<\/li>\n<li style=\"text-align: justify;\">H\u1ec7 th\u1ed1ng qu\u1ea3n l\u00fd n\u0103ng l\u01b0\u1ee3ng.<\/li>\n<li style=\"text-align: justify;\">H\u1ec7 th\u1ed1ng an to\u00e0n.<\/li>\n<li style=\"text-align: justify;\">H\u1ec7 th\u1ed1ng c\u00f4ng ngh\u1ec7 th\u00f4ng tin d\u00e0nh cho c\u00f4ng nghi\u1ec7p.<\/li>\n<li style=\"text-align: justify;\">Thi\u1ebft b\u1ecb \u0111o, Thi\u1ebft b\u1ecb ph\u00e2n t\u00edch kh\u00ed.<\/li>\n<li style=\"text-align: justify;\">H\u1ec7 th\u1ed1ng c\u00e2n c\u00f4ng nghi\u1ec7p.<\/li>\n<li style=\"text-align: justify;\">Thi\u1ebft b\u1ecb Van \u0111i\u1ec1u khi\u1ec3n.<\/li>\n<\/ul>\n<p>&nbsp;<\/p><\/div>\n<div class=\"span3 \"><p><strong>Vi\u1ec5n th\u00f4ng v\u00e0 h\u1ec7 th\u1ed1ng \u0111i\u1ec7n nh\u1eb9:<\/strong><\/p>\n<ul>\n<li>H\u1ec7 th\u1ed1ng\u00a0b\u00e1o ch\u00e1y, ki\u1ec3m so\u00e1t an ninh, truy c\u1eadp\/ qu\u1ea3n l\u00fd ra v\u00e0o.<\/li>\n<li>H\u1ec7 th\u1ed1ng\u00a0camera quan s\u00e1t (CCTV) &amp; truy\u1ec1n h\u00ecnh v\u1ec7 tinh (MATV).<\/li>\n<li>H\u1ec7 th\u1ed1ng \u0111i\u1ec7n tho\u1ea1i v\u00e0 d\u1eef li\u1ec7u (C\u00e1p, PABX).<\/li>\n<li>H\u1ec7 th\u1ed1ng \u00e2m thanh.<\/li>\n<\/ul>\n<p><strong>H\u1ec7 th\u1ed1ng th\u00f4ng gi\u00f3 v\u00e0 \u0111i\u1ec1u h\u00f2a kh\u00f4ng kh\u00ed:<br \/><\/strong><\/p>\n<ul>\n<li>H\u1ec7 th\u1ed1ng \u0111i\u1ec1u h\u00f2a kh\u00f4ng kh\u00ed (VRV).<\/li>\n<li>H\u1ec7 th\u1ed1ng l\u00e0m l\u1ea1nh b\u1eb1ng n\u01b0\u1edbc Chiller.<\/li>\n<li>H\u1ec7 th\u1ed1ng l\u1ea5y gi\u00f3 t\u01b0\u01a1i, h\u1ec7 th\u1ed1ng th\u00f4ng gi\u00f3 v\u00e0 h\u1ec7 th\u1ed1ng tho\u00e1t kh\u00ed.<\/li>\n<li>Ph\u00f2ng l\u1ea1nh.<\/li>\n<li>H\u1ec7 th\u1ed1ng qu\u1ea3n l\u00fd t\u00f2a nh\u00e0.<\/li>\n<\/ul><\/div> <div class=\"span3 \"><p><strong>H\u1ec7 th\u1ed1ng \u0111\u01b0\u1eddng \u1ed1ng c\u00f4ng ngh\u1ec7:<\/strong><br \/>Thi\u1ebft k\u1ebf chi ti\u1ebft tr\u1ecdn g\u00f3i, cung c\u1ea5p thi\u1ebft b\u1ecb, cung c\u1ea5p d\u1ecbch v\u1ee5 h\u00e0n v\u00e0 l\u1eafp \u0111\u1eb7t cho h\u1ec7 th\u1ed1ng \u0111\u01b0\u1eddng \u1ed1ng (\u1ed1ng d\u1eabn h\u01a1i, \u1ed1ng n\u01b0\u1edbc ng\u01b0ng, \u0111\u01b0\u1eddng \u1ed1ng d\u1eabn CO2, kh\u00ed n\u00e9n \u00e1p th\u1ea5p, n\u01b0\u1edbc th\u00f4, n\u01b0\u1edbc \u0111\u00e3 qua x\u1eed l\u00fd RO, n\u01b0\u1edbc l\u00e0m l\u1ea1nh, \u1ed1ng ph\u1ee5 tr\u1ee3...<\/p>\n<p>&nbsp;<\/p>\n<p><strong>H\u1ec7 th\u1ed1ng ch\u1eefa ch\u00e1y:<\/strong><\/p>\n<ul>\n<li>Tr\u1ea1m b\u01a1m ch\u1eefa ch\u00e1y.<\/li>\n<li>\u0110\u01b0\u1eddng \u1ed1ng ph\u00e2n ph\u1ed1i n\u01b0\u1edbc.<\/li>\n<li>H\u1ec7 th\u1ed1ng \u0111\u1ea7u phun.<\/li>\n<li>H\u1ec7 th\u1ed1ng c\u1ea5p &amp; tho\u00e1t n\u01b0\u1edbc.<\/li>\n<\/ul><\/div>\n<\/div>\n<\/div>\n<\/div>\n<\/div>\n<\/div>\n","protected":false},"excerpt":{"rendered":"Chi\u1ebfn l\u01b0\u1ee3c ph\u00e1t tri\u1ec3n \u0110\u1ec3 h\u1ed7 tr\u1ee3 m\u1ee5c ti\u00eau tr\u1edf th\u00e0nh nh\u00e0 cung c\u1ea5p gi\u1ea3i ph\u00e1p t\u1ed5ng th\u1ec3 th\u1ef1c hi\u1ec7n c\u00e1c d\u1ef1 \u00e1n m\u1ed9t c\u00e1ch to\u00e0n di\u1ec7n, Fuji CAC \u0111\u00e3 th\u00e0nh l\u1eadp Ph\u00f2ng K\u1ef9 thu\u1eadt, Mua h\u00e0ng, Thi c\u00f4ng v\u00e0 Kinh doanh. Ch\u00fang t\u00f4i c\u0169ng ti\u1ebfp t\u1ee5c nh\u1eb1m \u0111\u1ea3m b\u1ea3o c\u00e1c n\u0103ng l\u1ef1c thi\u1ebft y\u1ebfu cho t\u1eebng quy tr\u00ecnh, bao&nbsp;<a href=\"https:\/\/fujicac.com\/vi\/what-we-do\/\" class=\"read-more\">Continue Reading<\/a>","protected":false},"author":5,"featured_media":0,"parent":0,"menu_order":0,"comment_status":"closed","ping_status":"closed","template":"","meta":{"footnotes":""},"class_list":["post-2315","page","type-page","status-publish","hentry"],"_links":{"self":[{"href":"https:\/\/fujicac.com\/vi\/wp-json\/wp\/v2\/pages\/2315","targetHints":{"allow":["GET"]}}],"collection":[{"href":"https:\/\/fujicac.com\/vi\/wp-json\/wp\/v2\/pages"}],"about":[{"href":"https:\/\/fujicac.com\/vi\/wp-json\/wp\/v2\/types\/page"}],"author":[{"embeddable":true,"href":"https:\/\/fujicac.com\/vi\/wp-json\/wp\/v2\/users\/5"}],"replies":[{"embeddable":true,"href":"https:\/\/fujicac.com\/vi\/wp-json\/wp\/v2\/comments?post=2315"}],"version-history":[{"count":50,"href":"https:\/\/fujicac.com\/vi\/wp-json\/wp\/v2\/pages\/2315\/revisions"}],"predecessor-version":[{"id":5385,"href":"https:\/\/fujicac.com\/vi\/wp-json\/wp\/v2\/pages\/2315\/revisions\/5385"}],"wp:attachment":[{"href":"https:\/\/fujicac.com\/vi\/wp-json\/wp\/v2\/media?parent=2315"}],"curies":[{"name":"wp","href":"https:\/\/api.w.org\/{rel}","templated":true}]}}