{"id":2308,"date":"2015-10-24T18:18:29","date_gmt":"2015-10-24T11:18:29","guid":{"rendered":"http:\/\/fujicac.com\/?page_id=2308"},"modified":"2025-08-05T16:24:02","modified_gmt":"2025-08-05T09:24:02","slug":"about-us","status":"publish","type":"page","link":"https:\/\/fujicac.com\/vi\/about-us\/","title":{"rendered":"Gi\u1edbi thi\u1ec7u"},"content":{"rendered":"<p>&nbsp;<\/p>\n<p style=\"text-align: justify;\"><span style=\"font-size: 14pt;\"><strong><span style=\"color: #0000ff;\">GI\u1edaI THI\u1ec6U CHUNG<\/span><\/strong><\/span><\/p>\n<p style=\"text-align: justify;\">Fuji CAC, <span style=\"text-decoration: underline;\"><strong><span style=\"color: #0000ff; text-decoration: underline;\"><a style=\"color: #0000ff; text-decoration: underline;\" href=\"https:\/\/www.fujielectric.com\/\" target=\"_blank\" rel=\"noopener\">m\u1ed9t th\u00e0nh vi\u00ean c\u1ee7a T\u1eadp \u0111o\u00e0n Fuji Electric<\/a><span style=\"color: #000000; text-decoration: underline;\">,<\/span><\/span><\/strong><\/span> \u0111\u01b0\u1ee3c bi\u1ebft \u0111\u1ebfn nh\u01b0 l\u00e0 Nh\u00e0 cung c\u1ea5p gi\u1ea3i ph\u00e1p c\u00f4ng nghi\u1ec7p h\u00e0ng \u0111\u1ea7u trong l\u0129nh v\u1ef1c \u0110i\u1ec7n, T\u1ef1 \u0111\u1ed9ng h\u00f3a (\u0110o l\u01b0\u1eddng &amp; \u0110i\u1ec1u khi\u1ec3n) t\u1ea1i Vi\u1ec7t Nam, v\u00e0 hi\u1ec7n l\u00e0 nh\u00e0 th\u1ea7u C\u01a1 \u0111i\u1ec7n (to\u00e0n b\u1ed9 ph\u1ea1m vi v\u1ec1 H\u1ec7 th\u1ed1ng \u0110i\u1ec7n, \u0110o l\u01b0\u1eddng v\u00e0 \u0111i\u1ec1u khi\u1ec3n, H\u1ec7 th\u1ed1ng \u0111i\u1ec1u h\u00f2a kh\u00f4ng kh\u00ed, H\u1ec7 th\u1ed1ng \u0110\u01b0\u1eddng \u1ed1ng c\u00f4ng ngh\u1ec7, ph\u1ee5 tr\u1ee3 v\u00e0 H\u1ec7 th\u1ed1ng b\u00e1o &amp; ch\u1eefa ch\u00e1y) cho c\u00e1c C\u00f4ng tr\u00ecnh C\u00f4ng nghi\u1ec7p t\u1ea1i Vi\u1ec7t Nam v\u00e0 m\u1ed9t s\u1ed1 Qu\u1ed1c gia \u0110\u00f4ng Nam \u00c1.<\/p>\n<p style=\"text-align: justify;\">\u0110\u01b0\u1ee3c th\u00e0nh l\u1eadp t\u1eeb n\u0103m 1995, Fuji CAC \u0111\u00e3 gi\u1eef v\u1eefng s\u1ef1 ph\u00e1t tri\u1ec3n v\u00e0 tr\u1edf th\u00e0nh Nh\u00e0 cung c\u1ea5p gi\u1ea3i ph\u00e1p v\u00e0 d\u1ecbch v\u1ee5 tin c\u1eady cho nhi\u1ec1u c\u00f4ng tr\u00ecnh cho c\u00e1c t\u1eadp \u0111o\u00e0n \u0111a qu\u1ed1c gia v\u00e0 c\u00f4ng ty trong n\u01b0\u1edbc n\u1ed5i ti\u1ebfng trong ng\u00e0nh Th\u1ef1c ph\u1ea9m v\u00e0 N\u01b0\u1edbc gi\u1ea3i kh\u00e1t, H\u00f3a ch\u1ea5t, D\u1ea7u kh\u00ed, Xi m\u0103ng, C\u01a1 s\u1edf h\u1ea1 t\u1ea7ng, N\u0103ng l\u01b0\u1ee3ng M\u1eb7t Tr\u1eddi &amp; N\u0103ng l\u01b0\u1ee3ng t\u00e1i t\u1ea1o... nh\u01b0 Suntory Pepsico, CocaCola, Nestle, First Solar, Carlsberg, Bunge Soya, Unilever, P&amp;G, ICI Dulux, Akzo Nobel, Synthomer, Bayer Chemical, Petro Vi\u1ec7t Nam, PTSC, VietsovPetro, CuuLong JOC, xi m\u0103ng Holcim, Chinfon, Luksvaxi, H\u00e0 Ti\u00ean, \u0110\u1ed3ng B\u00e0nh...<\/p>\n<p style=\"text-align: justify;\">Fuji CAC c\u0169ng \u0111\u00e3 m\u1edf r\u1ed9ng \u0111\u1ecba b\u00e0n\u00a0kinh doanh v\u00e0 c\u00f3 kinh nghi\u1ec7m th\u1ef1c hi\u1ec7n c\u00e1c d\u1ef1 \u00e1n v\u00e0 d\u1ecbch v\u1ee5 \u1edf n\u01b0\u1edbc ngo\u00e0i, t\u1ea1i m\u1ed9t s\u1ed1 Qu\u1ed1c gia \u0110\u00f4ng Nam \u00c1.<\/p>\n<p style=\"text-align: justify;\"><a href=\"http:\/\/fujicac.com\/wp-content\/uploads\/2023\/11\/KeyMilestone.png\"><img loading=\"lazy\" decoding=\"async\" class=\"wp-image-5139 size-large aligncenter\" src=\"http:\/\/fujicac.com\/wp-content\/uploads\/2023\/11\/KeyMilestone-1024x508.png\" alt=\"\" width=\"604\" height=\"300\" srcset=\"https:\/\/fujicac.com\/wp-content\/uploads\/2023\/11\/KeyMilestone-1024x508.png 1024w, https:\/\/fujicac.com\/wp-content\/uploads\/2023\/11\/KeyMilestone-300x149.png 300w, https:\/\/fujicac.com\/wp-content\/uploads\/2023\/11\/KeyMilestone-768x381.png 768w, https:\/\/fujicac.com\/wp-content\/uploads\/2023\/11\/KeyMilestone-100x50.png 100w\" sizes=\"auto, (max-width: 604px) 100vw, 604px\" \/><\/a><br \/>\u00a0<\/p>\n<p style=\"text-align: justify;\"><span style=\"color: #0000ff; font-size: 14pt;\"><strong>L\u1ecaCH S\u1eec PH\u00c1T TRI\u1ec2N<\/strong><\/span><\/p>\n<p style=\"text-align: justify;\">Th\u00e0nh l\u1eadp t\u1eeb n\u0103m 1995, Fuji CAC t\u1eebng b\u01b0\u1edbc vi\u1ebft n\u00ean c\u00e2u chuy\u1ec7n th\u00e0nh c\u00f4ng c\u1ee7a m\u00ecnh. Kh\u1edfi \u0111\u1ea7u t\u1eeb m\u1ed9t nh\u00e0 cung c\u1ea5p d\u1ecbch v\u1ee5 cho h\u1ec7 th\u1ed1ng \u0111i\u1ec7n \u0111i\u1ec1u khi\u1ec3n t\u1ef1 \u0111\u1ed9ng, Fuji CAC kh\u00f4ng ng\u1eebng ph\u00e1t tri\u1ec3n \u0111\u1ec3 tr\u1edf th\u00e0nh m\u1ed9t trong nh\u1eefng Nh\u00e0 th\u1ea7u cung c\u1ea5p tr\u1ecdn g\u00f3i Thi\u1ebft k\u1ebf, Mua s\u1eafm, X\u00e2y l\u1eafp (EPC) \u0111\u00e1ng tin c\u1eady v\u00e0 c\u00f3 danh ti\u1ebfng trong nhi\u1ec1u ng\u00e0nh c\u00f4ng nghi\u1ec7p t\u1ea1i Vi\u1ec7t Nam.<br \/>- C\u00f4ng ty Vi\u1ec7t Nam \u0111\u1ea7u ti\u00ean thi\u1ebft k\u1ebf, l\u1eadp tr\u00ecnh v\u00e0 cung c\u1ea5p h\u1ec7 th\u1ed1ng t\u1ef1 \u0111\u1ed9ng h\u00f3a cho gi\u00e0n khoan d\u1ea7u kh\u00ed ngo\u00e0i kh\u01a1i (VietsovPetro, 1995).<br \/>- C\u00f4ng ty Vi\u1ec7t Nam \u0111\u1ea7u ti\u00ean nghi\u00ean c\u1ee9u th\u00e0nh c\u00f4ng, thi\u1ebft k\u1ebf v\u00e0 x\u00e2y d\u1ef1ng d\u00e2y chuy\u1ec1n s\u1ea3n xu\u1ea5t ph\u00e2n b\u00f3n NPK \u0111\u1ec3 xu\u1ea5t kh\u1ea9u sang th\u1ecb tr\u01b0\u1eddng ch\u00e2u Phi (B\u1edd Bi\u1ec3n Ng\u00e0, 2000).<br \/>- C\u00f4ng ty Vi\u1ec7t Nam \u0111\u1ea7u ti\u00ean th\u00e0nh c\u00f4ng trong vai tr\u00f2 Nh\u00e0 t\u1ed5ng th\u1ea7u EPC x\u00e2y d\u1ef1ng ho\u00e0n thi\u1ec7n nh\u00e0 m\u00e1y xi m\u0103ng (Nam S\u01a1n, 2008).<br \/>- C\u00f4ng ty Vi\u1ec7t Nam \u0111\u1ea7u ti\u00ean \u0111\u01b0\u1ee3c ch\u1ecdn l\u00e0m nh\u00e0 Th\u1ea7u ch\u00ednh MEP \u0111\u1ec3 x\u00e2y d\u1ef1ng c\u00e1c nh\u00e0 m\u00e1y m\u1edbi c\u1ee7a CocaCola t\u1ea1i Vi\u1ec7t Nam, Myanmar v\u00e0 Campuchia (2013, 2014 &amp; 2015).<\/p>\n<p style=\"text-align: justify;\"><span style=\"color: #0000ff; font-size: 14pt;\"><strong>T\u1ea6M NH\u00ccN<\/strong><\/span><\/p>\n<p style=\"text-align: justify;\">Tr\u1edf th\u00e0nh nh\u00e0 th\u1ea7u EPC h\u00e0ng \u0111\u1ea7u trong vi\u1ec7c cung c\u1ea5p gi\u1ea3i ph\u00e1p t\u1ed5ng th\u1ec3 cho c\u00e1c ng\u00e0nh C\u00f4ng nghi\u1ec7p t\u1ea1i th\u1ecb tr\u01b0\u1eddng \u0110\u00f4ng Nam \u00c1 c\u0169ng nh\u01b0 tr\u1edf th\u00e0nh trung t\u00e2m k\u1ef9 thu\u1eadt h\u00e0ng \u0111\u1ea7u t\u1ea1i \u0110\u00f4ng Nam \u00c1 c\u1ee7a t\u1eadp \u0111o\u00e0n Fuji Electric.<\/p>\n<p style=\"text-align: justify;\"><span style=\"color: #0000ff; font-size: 14pt;\"><strong>S\u1ee8 M\u1ec6NH<\/strong><\/span><\/p>\n<p style=\"text-align: justify;\">Cam k\u1ebft cung c\u1ea5p c\u00e1c gi\u1ea3i ph\u00e1p t\u1ed1i \u01b0u \u0111\u1ec3 \u0111\u00e1p \u1ee9ng y\u00eau c\u1ea7u k\u1ef9 thu\u1eadt c\u1ee7a kh\u00e1ch h\u00e0ng th\u00f4ng qua 4 ti\u00eau ch\u00ed sau:<\/p>\n<p style=\"text-align: justify;\">\u00a0<img loading=\"lazy\" decoding=\"async\" class=\"aligncenter wp-image-3656 size-large\" src=\"http:\/\/fujicac.com\/wp-content\/uploads\/2015\/10\/mission1-1024x528.png\" alt=\"mission\" width=\"604\" height=\"311\" srcset=\"https:\/\/fujicac.com\/wp-content\/uploads\/2015\/10\/mission1-1024x528.png 1024w, https:\/\/fujicac.com\/wp-content\/uploads\/2015\/10\/mission1-300x155.png 300w, https:\/\/fujicac.com\/wp-content\/uploads\/2015\/10\/mission1-100x50.png 100w, https:\/\/fujicac.com\/wp-content\/uploads\/2015\/10\/mission1.png 1377w\" sizes=\"auto, (max-width: 604px) 100vw, 604px\" \/><br \/><span style=\"color: #0000ff; font-size: 14pt;\"><b>GI\u00c1 TR\u1eca C\u1ed0T L\u00d5I<\/b><\/span><\/p>\n<p><strong>[C] <\/strong><strong>S\u00e1ng t\u1ea1o<\/strong><\/p>\n<p>Ph\u00e1t tri\u1ec3n c\u00e1c gi\u1ea3i ph\u00e1p s\u00e1ng t\u1ea1o \u0111\u1ec3 x\u00e2y d\u1ef1ng m\u1ed9t th\u1ebf gi\u1edbi c\u00f4ng nghi\u1ec7p xanh.<\/p>\n<p><strong>\u00a0<\/strong><strong>[A] Li\u00ean k\u1ebft<\/strong><\/p>\n<ul>\n<li>Cung c\u1ea5p cho kh\u00e1ch h\u00e0ng c\u00e1c gi\u1ea3i ph\u00e1p, s\u1ea3n ph\u1ea9m, v\u00e0 d\u1ecbch v\u1ee5 chuy\u00ean nghi\u1ec7p v\u1edbi ch\u1ea5t l\u01b0\u1ee3ng \u1ed5n \u0111\u1ecbnh \u0111\u00e1p \u1ee9ng nhu c\u1ea7u c\u1ee7a kh\u00e1ch h\u00e0ng.<\/li>\n<li>Cung c\u1ea5p cho kh\u00e1ch h\u00e0ng c\u00e1c gi\u00e1 tr\u1ecb b\u1ed5 sung cao nh\u1ea5t v\u00e0 ph\u00e2n ph\u1ed1i gi\u00e1 tr\u1ecb c\u1ee7a ch\u00fang t\u00f4i \u0111\u1ec3 ph\u00e1t tri\u1ec3n ng\u00e0nh c\u00f4ng nghi\u1ec7p Vi\u1ec7t Nam v\u00e0 Ch\u00e2u \u00c1.<\/li>\n<li>X\u00e2y d\u1ef1ng gi\u00e1 tr\u1ecb \u0111\u1ea7u t\u01b0 cho kh\u00e1ch h\u00e0ng, \u0111\u1ed1i t\u00e1c v\u00e0 ch\u1ee7 \u0111\u1ea7u t\u01b0 d\u1ef1a tr\u00ean t\u00ednh chuy\u00ean nghi\u1ec7p, li\u00eam ch\u00ednh v\u00e0 b\u00ecnh \u0111\u1eb3ng.<\/li>\n<\/ul>\n<p><strong>\u00a0<\/strong><strong>[C] Cam k\u1ebft<\/strong><\/p>\n<p>Tr\u1edf th\u00e0nh m\u1ed9t trong nh\u1eefng c\u00f4ng ty h\u00e0ng \u0111\u1ea7u v\u1ec1 cung c\u1ea5p t\u1ed5ng gi\u1ea3i ph\u00e1p c\u00f4ng nghi\u1ec7p t\u1ed5ng th\u1ec3 t\u1ea1i Vi\u1ec7t Nam v\u00e0 khu v\u1ef1c \u0110\u00f4ng Nam \u00c1 v\u1edbi c\u00e1c k\u1ef9 thu\u1eadt cao, c\u00f4ng ngh\u1ec7 ti\u00ean ti\u1ebfn v\u00e0 d\u1ecbch v\u1ee5 h\u1eadu m\u00e3i chuy\u00ean nghi\u1ec7p.<\/p>\n<p>&nbsp;<\/p>\n","protected":false},"excerpt":{"rendered":"&nbsp; GI\u1edaI THI\u1ec6U CHUNG Fuji CAC, m\u1ed9t th\u00e0nh vi\u00ean c\u1ee7a T\u1eadp \u0111o\u00e0n Fuji Electric, \u0111\u01b0\u1ee3c bi\u1ebft \u0111\u1ebfn nh\u01b0 l\u00e0 Nh\u00e0 cung c\u1ea5p gi\u1ea3i ph\u00e1p c\u00f4ng nghi\u1ec7p h\u00e0ng \u0111\u1ea7u trong l\u0129nh v\u1ef1c \u0110i\u1ec7n, T\u1ef1 \u0111\u1ed9ng h\u00f3a (\u0110o l\u01b0\u1eddng &amp; \u0110i\u1ec1u khi\u1ec3n) t\u1ea1i Vi\u1ec7t Nam, v\u00e0 hi\u1ec7n l\u00e0 nh\u00e0 th\u1ea7u C\u01a1 \u0111i\u1ec7n (to\u00e0n b\u1ed9 ph\u1ea1m vi v\u1ec1 H\u1ec7 th\u1ed1ng \u0110i\u1ec7n, \u0110o l\u01b0\u1eddng&nbsp;<a href=\"https:\/\/fujicac.com\/vi\/about-us\/\" class=\"read-more\">Continue Reading<\/a>","protected":false},"author":5,"featured_media":0,"parent":0,"menu_order":0,"comment_status":"closed","ping_status":"closed","template":"","meta":{"footnotes":""},"class_list":["post-2308","page","type-page","status-publish","hentry"],"_links":{"self":[{"href":"https:\/\/fujicac.com\/vi\/wp-json\/wp\/v2\/pages\/2308","targetHints":{"allow":["GET"]}}],"collection":[{"href":"https:\/\/fujicac.com\/vi\/wp-json\/wp\/v2\/pages"}],"about":[{"href":"https:\/\/fujicac.com\/vi\/wp-json\/wp\/v2\/types\/page"}],"author":[{"embeddable":true,"href":"https:\/\/fujicac.com\/vi\/wp-json\/wp\/v2\/users\/5"}],"replies":[{"embeddable":true,"href":"https:\/\/fujicac.com\/vi\/wp-json\/wp\/v2\/comments?post=2308"}],"version-history":[{"count":66,"href":"https:\/\/fujicac.com\/vi\/wp-json\/wp\/v2\/pages\/2308\/revisions"}],"predecessor-version":[{"id":5386,"href":"https:\/\/fujicac.com\/vi\/wp-json\/wp\/v2\/pages\/2308\/revisions\/5386"}],"wp:attachment":[{"href":"https:\/\/fujicac.com\/vi\/wp-json\/wp\/v2\/media?parent=2308"}],"curies":[{"name":"wp","href":"https:\/\/api.w.org\/{rel}","templated":true}]}}