{"id":2175,"date":"2015-10-18T17:54:08","date_gmt":"2015-10-18T17:54:08","guid":{"rendered":"http:\/\/localhost\/cac\/?page_id=2175"},"modified":"2025-06-09T08:32:05","modified_gmt":"2025-06-09T01:32:05","slug":"quality-assurance","status":"publish","type":"page","link":"https:\/\/fujicac.com\/vi\/hse-quality\/quality-assurance\/","title":{"rendered":"\u0110\u1ea3m b\u1ea3o v\u00e0 ki\u1ec3m so\u00e1t ch\u1ea5t l\u01b0\u1ee3ng"},"content":{"rendered":"<p><span style=\"font-size: 14pt; color: #f38a27;\"><strong><img loading=\"lazy\" decoding=\"async\" class=\" wp-image-5177 alignleft\" src=\"http:\/\/fujicac.com\/wp-content\/uploads\/2023\/11\/tuv-300x111.jpg\" alt=\"\" width=\"273\" height=\"101\" srcset=\"https:\/\/fujicac.com\/wp-content\/uploads\/2023\/11\/tuv-300x111.jpg 300w, https:\/\/fujicac.com\/wp-content\/uploads\/2023\/11\/tuv-768x283.jpg 768w, https:\/\/fujicac.com\/wp-content\/uploads\/2023\/11\/tuv-1024x378.jpg 1024w, https:\/\/fujicac.com\/wp-content\/uploads\/2023\/11\/tuv.jpg 1965w\" sizes=\"auto, (max-width: 273px) 100vw, 273px\" \/>Fuji CAC B\u1ea3o \u0111\u1ea3m &amp; Ki\u1ec3m so\u00e1t ch\u1ea5t l\u01b0\u1ee3ng<\/strong><\/span><\/p>\n<p><strong>\u201cT\u1eadn t\u00e2m c\u1ed1ng hi\u1ebfn \u0111\u1ec3 cung c\u1ea5p ch\u1ea5t l\u01b0\u1ee3ng h\u01a1n c\u1ea3 mong \u0111\u1ee3i c\u1ee7a kh\u00e1ch h\u00e0ng trong t\u1eebng giai \u0111o\u1ea1n c\u1ee7a d\u1ef1 \u00e1n v\u00e0 d\u1ecbch v\u1ee5.\u201d<\/strong><\/p>\n<p style=\"text-align: right;\"><span style=\"color: #f38a27;\"><em>- Ch\u00ednh s\u00e1ch ch\u1ea5t l\u01b0\u1ee3ng c\u1ee7a c\u00f4ng ty -<\/em><\/span><\/p>\n<p style=\"text-align: justify;\">Fuji CAC t\u1ef1 h\u00e0o v\u00e0 danh d\u1ef1 trong tuy\u00ean b\u1ed1 cam k\u1ebft c\u1ee7a c\u00f4ng ty h\u00e0i l\u00f2ng kh\u00e1ch h\u00e0ng b\u1edfi\u00a0v\u0103n h\u00f3a, h\u01b0\u1edbng \u0111\u1ebfn d\u1ecbch v\u1ee5 tuy\u1ec7t v\u1eddi. Fuji CAC \u0111\u00e3 \u0111\u01b0\u1ee3c c\u00f4ng nh\u1eadn v\u1edbi qu\u1ed1c t\u1ebf th\u00f4ng qua Gi\u1ea5y ch\u1ee9ng nh\u1eadn qu\u1ea3n l\u00fd ch\u1ea5t l\u01b0\u1ee3ng theo ti\u00eau chu\u1ea9n ISO 9001:1994 cho nhi\u1ec1u n\u0103m v\u00e0 trong th\u00e1ng B\u1ea3y, n\u0103m 2018 ch\u1ee9ng nh\u1eadn \u0111\u00e3 \u0111\u01b0\u1ee3c n\u00e2ng c\u1ea5p l\u00ean ti\u00eau chu\u1ea9n ISO 9001:2015 do Uy t\u00edn to\u00e0n c\u1ea7u\u00a0 Rheinland.<\/p>\n<p style=\"text-align: justify;\">H\u1ec7 th\u1ed1ng qu\u1ea3n l\u00fd ch\u1ea5t l\u01b0\u1ee3ng n\u1ed9i b\u1ed9 Fuji CAC \u0111\u1ea3m b\u1ea3o r\u1eb1ng t\u1ea5t c\u1ea3 c\u00e1c y\u00eau c\u1ea7u c\u1ee7a kh\u00e1ch h\u00e0ng \u0111\u01b0\u1ee3c \u0111\u00e1p \u1ee9ng, t\u1ea5t c\u1ea3 c\u00e1c quy tr\u00ecnh \u0111\u01b0\u1ee3c ki\u1ec3m so\u00e1t \u0111\u00fang c\u00e1ch v\u00e0 kh\u00f4ng ng\u1eebng c\u1ea3i ti\u1ebfn. T\u1ea5t c\u1ea3 nh\u00e2n vi\u00ean\u00a0Fuji CAC\u00a0\u0111ang l\u00e0m vi\u1ec7c theo nguy\u00ean t\u1eafc r\u1eb1ng m\u1ed7i d\u1ef1 \u00e1n \u0111\u01b0\u1ee3c th\u1ef1c hi\u1ec7n theo c\u00e1ch linh ho\u1ea1t cao v\u1edbi ch\u1ea5t l\u01b0\u1ee3ng, ch\u1ee9c n\u0103ng, th\u1eddi gian giao h\u00e0ng \u0111\u00fang h\u1ea1n, chi ph\u00ed hi\u1ec7u qu\u1ea3 v\u00e0 v\u1edbi nhu c\u1ea7u c\u1ee5 th\u1ec3 c\u1ee7a kh\u00e1ch h\u00e0ng l\u00e0 tr\u1ecdng t\u00e2m ch\u00ednh.<\/p>\n<p><img loading=\"lazy\" decoding=\"async\" class=\"alignnone  wp-image-5331\" src=\"http:\/\/fujicac.com\/wp-content\/uploads\/2024\/10\/ISO-45001-2018-EN-2024-212x300.jpg\" alt=\"\" width=\"706\" height=\"999\" srcset=\"https:\/\/fujicac.com\/wp-content\/uploads\/2024\/10\/ISO-45001-2018-EN-2024-212x300.jpg 212w, https:\/\/fujicac.com\/wp-content\/uploads\/2024\/10\/ISO-45001-2018-EN-2024-768x1086.jpg 768w, https:\/\/fujicac.com\/wp-content\/uploads\/2024\/10\/ISO-45001-2018-EN-2024-724x1024.jpg 724w\" sizes=\"auto, (max-width: 706px) 100vw, 706px\" \/><\/p>\n<p><strong>Link: <\/strong><a href=\"http:\/\/www.certipedia.com\/quality_marks\/9105067090?locale=en\" target=\"_blank\" rel=\"noopener noreferrer\"><span style=\"color: #000000;\">http:\/\/www.certipedia.com\/quality_marks\/9105067090?locale=en<\/span> <\/a><\/p>","protected":false},"excerpt":{"rendered":"Fuji CAC B\u1ea3o \u0111\u1ea3m &amp; Ki\u1ec3m so\u00e1t ch\u1ea5t l\u01b0\u1ee3ng \u201cT\u1eadn t\u00e2m c\u1ed1ng hi\u1ebfn \u0111\u1ec3 cung c\u1ea5p ch\u1ea5t l\u01b0\u1ee3ng h\u01a1n c\u1ea3 mong \u0111\u1ee3i c\u1ee7a kh\u00e1ch h\u00e0ng trong t\u1eebng giai \u0111o\u1ea1n c\u1ee7a d\u1ef1 \u00e1n v\u00e0 d\u1ecbch v\u1ee5.\u201d - Ch\u00ednh s\u00e1ch ch\u1ea5t l\u01b0\u1ee3ng c\u1ee7a c\u00f4ng ty - Fuji CAC t\u1ef1 h\u00e0o v\u00e0 danh d\u1ef1 trong tuy\u00ean b\u1ed1 cam k\u1ebft c\u1ee7a c\u00f4ng ty h\u00e0i&nbsp;<a href=\"https:\/\/fujicac.com\/vi\/hse-quality\/quality-assurance\/\" class=\"read-more\">Continue Reading<\/a>","protected":false},"author":5,"featured_media":0,"parent":2161,"menu_order":0,"comment_status":"closed","ping_status":"closed","template":"","meta":{"footnotes":""},"class_list":["post-2175","page","type-page","status-publish","hentry"],"_links":{"self":[{"href":"https:\/\/fujicac.com\/vi\/wp-json\/wp\/v2\/pages\/2175","targetHints":{"allow":["GET"]}}],"collection":[{"href":"https:\/\/fujicac.com\/vi\/wp-json\/wp\/v2\/pages"}],"about":[{"href":"https:\/\/fujicac.com\/vi\/wp-json\/wp\/v2\/types\/page"}],"author":[{"embeddable":true,"href":"https:\/\/fujicac.com\/vi\/wp-json\/wp\/v2\/users\/5"}],"replies":[{"embeddable":true,"href":"https:\/\/fujicac.com\/vi\/wp-json\/wp\/v2\/comments?post=2175"}],"version-history":[{"count":42,"href":"https:\/\/fujicac.com\/vi\/wp-json\/wp\/v2\/pages\/2175\/revisions"}],"predecessor-version":[{"id":5383,"href":"https:\/\/fujicac.com\/vi\/wp-json\/wp\/v2\/pages\/2175\/revisions\/5383"}],"up":[{"embeddable":true,"href":"https:\/\/fujicac.com\/vi\/wp-json\/wp\/v2\/pages\/2161"}],"wp:attachment":[{"href":"https:\/\/fujicac.com\/vi\/wp-json\/wp\/v2\/media?parent=2175"}],"curies":[{"name":"wp","href":"https:\/\/api.w.org\/{rel}","templated":true}]}}