{"id":2166,"date":"2015-10-18T17:46:24","date_gmt":"2015-10-18T17:46:24","guid":{"rendered":"http:\/\/localhost\/cac\/?page_id=2166"},"modified":"2025-06-09T08:24:57","modified_gmt":"2025-06-09T01:24:57","slug":"hse-policy","status":"publish","type":"page","link":"https:\/\/fujicac.com\/vi\/hse-quality\/hse-policy\/","title":{"rendered":"S\u1ee9c kh\u1ecfe, an to\u00e0n v\u00e0 m\u00f4i tr\u01b0\u1eddng (HSE)"},"content":{"rendered":"<p>&nbsp;<\/p>\n<p><span style=\"font-size: 14pt; color: #f38a27;\"><strong>Fuji CAC S\u1ee9c kh\u1ecfe \u2013 An to\u00e0n \u2013 M\u00f4i tr\u01b0\u1eddng<br \/><\/strong><\/span><\/p>\n<p style=\"text-align: justify;\"><strong><img loading=\"lazy\" decoding=\"async\" class=\" wp-image-5177 alignleft\" src=\"http:\/\/fujicac.com\/wp-content\/uploads\/2023\/11\/tuv-300x111.jpg\" alt=\"\" width=\"284\" height=\"105\" srcset=\"https:\/\/fujicac.com\/wp-content\/uploads\/2023\/11\/tuv-300x111.jpg 300w, https:\/\/fujicac.com\/wp-content\/uploads\/2023\/11\/tuv-768x283.jpg 768w, https:\/\/fujicac.com\/wp-content\/uploads\/2023\/11\/tuv-1024x378.jpg 1024w, https:\/\/fujicac.com\/wp-content\/uploads\/2023\/11\/tuv.jpg 1965w\" sizes=\"auto, (max-width: 284px) 100vw, 284px\" \/>\u201cTu\u00e2n th\u1ee7 Ch\u1eb7t ch\u1ebd c\u00e1c ch\u00ednh s\u00e1ch HSE \u0111\u1ec3 tr\u00e1nh b\u1ea5t k\u1ef3 s\u1ef1 c\u1ed1 c\u00f3 th\u1ec3 x\u1ea3y ra. N\u1ebfu m\u1ed9t nhi\u1ec7m v\u1ee5 kh\u00f4ng th\u1ec3 \u0111\u01b0\u1ee3c th\u1ef1c hi\u1ec7n m\u1ed9t c\u00e1ch an to\u00e0n, th\u00ec ch\u00fang t\u00f4i s\u1ebd kh\u00f4ng l\u00e0m \u0111i\u1ec1u \u0111\u00f3 cho \u0111\u1ebfn khi t\u00ecm ra m\u1ed9t c\u00e1ch ti\u1ebfp c\u1eadn ho\u00e0n to\u00e0n an to\u00e0n.\u201d<\/strong><\/p>\n<p style=\"text-align: right;\"><span style=\"color: #f38a27;\"><em>-T\u1ed5ng Gi\u00e1m \u0110\u1ed1c C\u00f4ng ty c\u1ed5 ph\u1ea7n Fuji CAC-<\/em><\/span><\/p>\n<p style=\"text-align: justify;\"><span style=\"font-size: 14pt; color: #f38a27;\"><strong>Tri\u1ebft l\u00fd c\u01a1 b\u1ea3n v\u1ec1 S\u1ee9c Kh\u1ecfe v\u00e0 An to\u00e0n<\/strong><\/span><\/p>\n<p style=\"text-align: justify;\">S\u1ee9c kh\u1ecfe v\u00e0 s\u1ef1 an to\u00e0n c\u1ee7a ng\u01b0\u1eddi lao \u0111\u1ed9ng \u0111\u01b0\u1ee3c \u01b0u ti\u00ean h\u00e0ng \u0111\u1ea7u.<\/p>\n<p style=\"text-align: justify;\"><span style=\"font-size: 14pt; color: #f38a27;\"><strong>Ch\u00ednh s\u00e1ch c\u01a1 b\u1ea3n\u00a0 v\u1ec1 An to\u00e0n v\u00e0 S\u1ee9c kh\u1ecfe c\u1ee7a T\u1eadp \u0111o\u00e0n Fuji Electric<\/strong><\/span><\/p>\n<p style=\"text-align: justify;\">1. S\u1ee9c kh\u1ecfe v\u00e0 an to\u00e0n l\u00e0 m\u1ed9t trong nh\u1eefng nhi\u1ec7m v\u1ee5 quan tr\u1ecdng nh\u1ea5t c\u1ee7a vi\u1ec7c qu\u1ea3n l\u00fd doanh nghi\u1ec7p t\u1ea1i t\u1eadp \u0111o\u00e0n Fuji Electric. C\u00e1c ho\u1ea1t \u0111\u1ed9ng v\u1ec1 s\u1ee9c kh\u1ecfe v\u00e0 an to\u00e0n \u0111\u01b0\u1ee3c th\u1ef1c hi\u1ec7n m\u1ed9t c\u00e1ch t\u1ed1t nh\u1ea5t nh\u1eb1m \u0111\u1ea3m b\u1ea3o cho n\u01a1i l\u00e0m vi\u1ec7c \u0111\u01b0\u1ee3c an to\u00e0n v\u00e0 tho\u1ea3i m\u00e1i, lo\u1ea1i b\u1ecf c\u00e1c tai n\u1ea1n c\u00f4ng nghi\u1ec7p v\u00e0 ng\u0103n ng\u1eeba c\u00e1c b\u1ec7nh v\u1ec1 th\u1ec3 ch\u1ea5t v\u00e0 tinh th\u1ea7n.<\/p>\n<p style=\"text-align: justify;\">2. Vi\u1ec7c v\u1eadn d\u1ee5ng c\u00e1c lu\u1eadt, quy \u0111\u1ecbnh v\u00e0 c\u00e1c ti\u00eau chu\u1ea9n ri\u00eang bi\u1ec7t \u0111\u01b0\u1ee3c thi\u1ebft l\u1eadp b\u1edfi T\u1eadp \u0111o\u00e0n, c\u00e1c c\u00f4ng ty, v\u0103n ph\u00f2ng kinh doanh ph\u1ea3i \u0111\u01b0\u1ee3c tu\u00e2n th\u1ee7. Vi\u1ec7c b\u00e1m s\u00e1t c\u00e1c ho\u1ea1t \u0111\u1ed9ng c\u01a1 b\u1ea3n v\u1ec1 s\u1ee9c kh\u1ecfe v\u00e0 an to\u00e0n s\u1ebd \u0111\u01b0\u1ee3c th\u1ef1c hi\u1ec7n m\u1ecdi l\u00fac.<\/p>\n<p style=\"text-align: justify;\">3. T\u1ea5t c\u1ea3 c\u00e1c c\u00e1 nh\u00e2n tham gia v\u00e0o ho\u1ea1t \u0111\u1ed9ng kinh doanh c\u1ee7a Fuji Electric s\u1ebd tham gia v\u00e0o c\u00e1c ho\u1ea1t \u0111\u1ed9ng an to\u00e0n v\u00e0 s\u1ee9c kh\u1ecfe t\u1ef1 nguy\u1ec7n v\u1edbi t\u01b0 c\u00e1ch l\u00e0 m\u1ed9t \u0111\u1ed9i v\u00e0 gi\u1edbi thi\u1ec7u v\u0103n h\u00f3a an to\u00e0n t\u1ea1i n\u01a1i l\u00e0m vi\u1ec7c \u0111\u1ec3 \u0111\u1ea3m b\u1ea3o s\u1ee9c kh\u1ecfe v\u00e0 an to\u00e0n c\u1ee7a ch\u00ednh h\u1ecd.<\/p>\n<p style=\"text-align: justify;\">4. C\u00e1c ho\u1ea1t \u0111\u1ed9ng s\u1ee9c kh\u1ecfe v\u00e0 an to\u00e0n t\u1eadp trung v\u00e0o s\u1ee9c kh\u1ecfe v\u00e0 s\u1ef1 an to\u00e0n c\u1ee7a nh\u00e2n vi\u00ean \u0111\u01b0\u1ee3c th\u1ef1c hi\u1ec7n \u0111\u1ebfn c\u00f9ng m\u1ed9t c\u00e1ch quy\u1ebft li\u1ec7t trong t\u1ea5t c\u1ea3 c\u00e1c c\u00e1c c\u00f4ng ty m\u00e0 ch\u00fang t\u00f4i \u0111ang ho\u1ea1t \u0111\u1ed9ng. B\u1eb1ng c\u00e1ch c\u00f4ng khai c\u00e1c ho\u1ea1t \u0111\u1ed9ng n\u00e0y, ch\u00fang t\u00f4i g\u00f3p ph\u1ea7n t\u1ea1o ra m\u1ed9t x\u00e3 h\u1ed9i an to\u00e0n, \u0111\u00e1ng tin c\u1eady v\u00e0 tho\u1ea3i m\u00e1i h\u01a1n.<\/p>\n<p style=\"text-align: justify;\"><span style=\"font-size: 14pt; color: #f38a27;\"><strong>Ch\u00ednh s\u00e1ch qu\u1ea3n l\u00fd an to\u00e0n v\u00e0 s\u1ee9c kh\u1ecfe to\u00e0n c\u00f4ng ty.<\/strong><\/span><\/p>\n<p style=\"text-align: justify;\"><strong>M\u1ee5c ti\u00eau s\u1ee9c kh\u1ecfe v\u00e0 an to\u00e0n<\/strong><br \/>1. Kh\u00f4ng c\u00f3 tai n\u1ea1n li\u00ean quan \u0111\u1ebfn c\u00f4ng vi\u1ec7c.<br \/>2. Kh\u00f4ng c\u00f3 b\u1ec7nh t\u1eadt li\u00ean quan \u0111\u1ebfn c\u00f4ng vi\u1ec7c.<br \/>3. Kh\u00f4ng c\u00f3 tai n\u1ea1n giao th\u00f4ng<\/p>\n<p style=\"text-align: justify;\"><strong>K\u1ebf ho\u1ea1ch h\u00e0nh \u0111\u1ed9ng c\u1ee5 th\u1ec3<\/strong><br \/>1. Ng\u0103n ch\u1eb7n th\u1ea3m h\u1ecda l\u1edbn v\u00e0 t\u00e1i di\u1ec5n.<br \/>2. T\u0103ng c\u01b0\u1eddng c\u00e1c ho\u1ea1t \u0111\u1ed9ng S\u1ee9c kh\u1ecfe v\u00e0 An to\u00e0n.<br \/>3. T\u0103ng c\u01b0\u1eddng vi\u1ec7c qu\u1ea3n l\u00fd An to\u00e0n v\u00e0 S\u1ee9c kh\u1ecfe t\u1ea1i hi\u1ec7n tr\u01b0\u1eddng.<br \/>4. X\u00fac ti\u1ebfn vi\u1ec7c qu\u1ea3n l\u00fd S\u01b0c1 kh\u1ecfe ngh\u1ec1 nghi\u1ec7p v\u00e0 s\u1ee9c kh\u1ecfe.<br \/>5. T\u0103ng c\u01b0\u1eddng vi\u1ec7c qu\u1ea3n l\u00fd s\u1ee9c kh\u1ecfe ngh\u1ec1 nghi\u1ec7p.<br \/>6. Th\u00e0nh l\u1eadp c\u00e1c s\u00e1ng ki\u1ebfn qu\u1ea3n l\u00fd an to\u00e0n v\u00e0 s\u1ee9c kh\u1ecfe cho c\u00e1c doanh nghi\u1ec7p n\u01b0\u1edbc ngo\u00e0i.<\/p>\n<p style=\"text-align: justify;\"><span style=\"font-size: 14pt; color: #f38a27;\"><strong>C\u00e1c ch\u00ednh s\u00e1ch c\u01a1 b\u1ea3n v\u1ec1 B\u1ea3o v\u1ec7 m\u00f4i tr\u01b0\u1eddng<\/strong><\/span><\/p>\n<p style=\"text-align: justify;\">\"N\u1ed5 l\u1ef1c b\u1ea3o v\u1ec7 m\u00f4i tr\u01b0\u1eddng to\u00e0n c\u1ea7u l\u00e0 v\u1ea5n \u0111\u1ec1 qu\u1ea3n l\u00fd ch\u00ednh c\u1ee7a Fuji Electric c\u00f9ng v\u1edbi vi\u1ec7c thi\u1ebft l\u1eadp c\u00e1c ch\u00ednh s\u00e1ch c\u01a1 b\u1ea3n B\u1ea3o v\u1ec7 m\u00f4i tr\u01b0\u1eddng, ch\u00fang t\u00f4i ti\u1ebfp t\u1ee5c th\u00fac \u0111\u1ea9y qu\u1ea3n l\u00fd m\u00f4i tr\u01b0\u1eddng v\u1edbi m\u1ee5c ti\u00eau g\u00f3p ph\u1ea7n b\u1ea3o v\u1ec7 m\u00f4i tr\u01b0\u1eddng to\u00e0n c\u1ea7u th\u00f4ng qua c\u00e1c ho\u1ea1t \u0111\u1ed9ng kinh doanh.\"<\/p>\n<p style=\"text-align: justify;\">Ch\u00ednh s\u00e1ch n\u00e0y \u0111\u00e3 \u0111\u01b0\u1ee3c m\u1edf r\u1ed9ng sang c\u00e1c c\u00f4ng ty con \u1edf c\u00e1c n\u01b0\u1edbc b\u1eb1ng ti\u1ebfng Anh, ti\u1ebfng Trung Qu\u1ed1c v\u00e0 \u0111\u00e3 \u0111\u01b0\u1ee3c chia s\u1ebb v\u1edbi t\u1ea5t c\u1ea3 c\u00e1c nh\u00e2n vi\u00ean.<\/p>\n<p style=\"text-align: justify;\"><span style=\"font-size: 14pt; color: #f38a27;\"><strong>C\u00e1c\u00a0ch\u00ednh s\u00e1ch c\u01a1 b\u1ea3n v\u1ec1 B\u1ea3o v\u1ec7 m\u00f4i tr\u01b0\u1eddng c\u1ee7a T\u1eadp \u0111o\u00e0n Fuji Electric<\/strong><\/span><\/p>\n<p style=\"text-align: justify;\">\u0110\u01b0\u1ee3c th\u00e0nh l\u1eadp v\u00e0o n\u0103m 1992 v\u00e0 s\u1eeda \u0111\u1ed3i v\u00e0o n\u0103m 2003<\/p>\n<p style=\"text-align: justify;\">Fuji Electric nh\u1eadn th\u1ee9c s\u00e2u s\u1eafc v\u1ec1 tr\u00e1ch nhi\u1ec7m x\u00e3 h\u1ed9i c\u1ee7a ch\u00fang t\u00f4i v\u1edbi t\u01b0 c\u00e1ch l\u00e0 m\u1ed9t c\u00f4ng d\u00e2n h\u1ee3p t\u00e1c t\u1ed1t c\u1ee7a x\u00e3 h\u1ed9i to\u00e0n c\u1ea7u v\u00e0 ch\u00fang t\u00f4i coi n\u1ed7 l\u1ef1c b\u1ea3o v\u1ec7 m\u00f4i tr\u01b0\u1eddng to\u00e0n c\u1ea7u l\u00e0 m\u1ed9t trong nh\u1eefng nhi\u1ec7m v\u1ee5 qu\u1ea3n l\u00fd quan tr\u1ecdng nh\u1ea5t c\u1ee7a ch\u00fang t\u00f4i. Ch\u00fang t\u00f4i c\u1ed1 g\u1eafng hi\u1ec7n th\u1ef1c h\u00f3a m\u1ed9t x\u00e3 h\u1ed9i b\u1ec1n v\u1eefng th\u00f4ng qua c\u00e1c h\u00e0nh \u0111\u1ed9ng to\u00e0n c\u1ea7u theo c\u00e1c nguy\u00ean t\u1eafc c\u01a1 b\u1ea3n sau.<\/p>\n<p>&nbsp;<\/p>\n<p>&nbsp;<\/p>\n<p>&nbsp;<\/p>\n","protected":false},"excerpt":{"rendered":"&nbsp; Fuji CAC S\u1ee9c kh\u1ecfe \u2013 An to\u00e0n \u2013 M\u00f4i tr\u01b0\u1eddng \u201cTu\u00e2n th\u1ee7 Ch\u1eb7t ch\u1ebd c\u00e1c ch\u00ednh s\u00e1ch HSE \u0111\u1ec3 tr\u00e1nh b\u1ea5t k\u1ef3 s\u1ef1 c\u1ed1 c\u00f3 th\u1ec3 x\u1ea3y ra. N\u1ebfu m\u1ed9t nhi\u1ec7m v\u1ee5 kh\u00f4ng th\u1ec3 \u0111\u01b0\u1ee3c th\u1ef1c hi\u1ec7n m\u1ed9t c\u00e1ch an to\u00e0n, th\u00ec ch\u00fang t\u00f4i s\u1ebd kh\u00f4ng l\u00e0m \u0111i\u1ec1u \u0111\u00f3 cho \u0111\u1ebfn khi t\u00ecm ra m\u1ed9t c\u00e1ch ti\u1ebfp c\u1eadn ho\u00e0n&nbsp;<a href=\"https:\/\/fujicac.com\/vi\/hse-quality\/hse-policy\/\" class=\"read-more\">Continue Reading<\/a>","protected":false},"author":5,"featured_media":0,"parent":2161,"menu_order":0,"comment_status":"closed","ping_status":"closed","template":"","meta":{"footnotes":""},"class_list":["post-2166","page","type-page","status-publish","hentry"],"_links":{"self":[{"href":"https:\/\/fujicac.com\/vi\/wp-json\/wp\/v2\/pages\/2166","targetHints":{"allow":["GET"]}}],"collection":[{"href":"https:\/\/fujicac.com\/vi\/wp-json\/wp\/v2\/pages"}],"about":[{"href":"https:\/\/fujicac.com\/vi\/wp-json\/wp\/v2\/types\/page"}],"author":[{"embeddable":true,"href":"https:\/\/fujicac.com\/vi\/wp-json\/wp\/v2\/users\/5"}],"replies":[{"embeddable":true,"href":"https:\/\/fujicac.com\/vi\/wp-json\/wp\/v2\/comments?post=2166"}],"version-history":[{"count":40,"href":"https:\/\/fujicac.com\/vi\/wp-json\/wp\/v2\/pages\/2166\/revisions"}],"predecessor-version":[{"id":5381,"href":"https:\/\/fujicac.com\/vi\/wp-json\/wp\/v2\/pages\/2166\/revisions\/5381"}],"up":[{"embeddable":true,"href":"https:\/\/fujicac.com\/vi\/wp-json\/wp\/v2\/pages\/2161"}],"wp:attachment":[{"href":"https:\/\/fujicac.com\/vi\/wp-json\/wp\/v2\/media?parent=2166"}],"curies":[{"name":"wp","href":"https:\/\/api.w.org\/{rel}","templated":true}]}}