{"id":2139,"date":"2015-10-18T17:01:56","date_gmt":"2015-10-18T17:01:56","guid":{"rendered":"http:\/\/localhost\/cac\/?page_id=2139"},"modified":"2023-10-19T11:12:46","modified_gmt":"2023-10-19T04:12:46","slug":"workshop","status":"publish","type":"page","link":"https:\/\/fujicac.com\/vi\/workshop\/","title":{"rendered":"Nh\u00e0 X\u01b0\u1edfng"},"content":{"rendered":"<p style=\"text-align: justify;\"><div class=\"mp-row-fluid motopress-row mpce-dsbl-margin-left mpce-dsbl-margin-right\"> <div class=\"motopress-clmn mp-span12  mpce-dsbl-margin-left mpce-dsbl-margin-right\"> <div class=\"motopress-text-obj\"> <span style=\"font-size: 14px;\">C\u00e1c kho\u1ea3n \u0111\u1ea7u t\u01b0 v\u00e0o <strong>3,000m<sup>2<\/sup><\/strong>\u00a0nh\u00e0 x\u01b0\u1edfng l\u00e0 quy\u1ebft t\u00e2m c\u1ee7a Fuji CAC \u0111\u1ec3 \u0111\u1ea3m b\u1ea3o c\u00f4ng ty ch\u00fang t\u00f4i c\u00f3 th\u1ec3 cung c\u1ea5p d\u1ecbch v\u1ee5 ti\u00eau chu\u1ea9n ch\u1ea5t l\u01b0\u1ee3ng cao nh\u1ea5t nh\u1eb1m \u0111\u00e1p \u1ee9ng b\u1ea5t c\u1ee9 nhi\u1ec7m v\u1ee5 quan tr\u1ecdng n\u00e0o m\u00e0 kh\u00e1ch h\u00e0ng c\u1ee7a ch\u00fang t\u00f4i y\u00eau c\u1ea7u.<\/span> <\/div> <\/div> <\/div>\n<p style=\"text-align: justify;\">X\u01b0\u1edfng s\u1ea3n xu\u1ea5t c\u1ee7a Fuji CAC \u0111\u1eb7t t\u1ea1i Khu c\u00f4ng nghi\u1ec7p C\u00e1t L\u00e1i, di\u1ec7n t\u00edch h\u01a1n <strong>3,000m<sup>2<\/sup><\/strong>, \u0111\u01b0\u1ee3c trang b\u1ecb c\u00e1c m\u00e1y gia c\u00f4ng c\u01a1 kh\u00ed chuy\u00ean d\u00f9ng nh\u01b0 m\u00e1y phay CNC, m\u00e1y ch\u1ea5n, m\u00e1y \u0111\u1ed9t, m\u00e1y c\u1eaft, m\u00e1y khoan, m\u00e1y h\u00e0n, m\u00e1y gia c\u00f4ng thanh c\u00e1i Busbar 3in1, c\u00e1c m\u00e1y v\u00e0 thi\u1ebft b\u1ecb ki\u1ec3m tra C\u01a1-\u0110i\u1ec7n v\u00e0 c\u00e1c d\u1ee5ng c\u1ee5 c\u1ea7m tay c\u1ea7n thi\u1ebft kh\u00e1c...<\/p>\n<p style=\"text-align: center;\"><div id=\"metaslider-id-2932\" style=\"width: 100%; margin: 0 auto;\" class=\"ml-slider-3-106-0 metaslider metaslider-flex metaslider-2932 ml-slider has-carousel-mode ms-theme-default nav-hidden nav-hidden\" role=\"region\" aria-label=\"Workshop\" data-height=\"307\" data-width=\"540\">\n    <div id=\"metaslider_container_2932\">\n        <div id=\"metaslider_2932\">\n            <ul class='slides'>\n                <li style=\"display: none; width: 100%;\" class=\"slide-2842 ms-image \" aria-roledescription=\"slide\" data-date=\"2015-10-30 14:13:39\" data-filename=\"workshop1.jpg\" data-slide-type=\"image\"><img loading=\"lazy\" decoding=\"async\" src=\"https:\/\/fujicac.com\/wp-content\/uploads\/2015\/10\/workshop1.jpg\" height=\"307\" width=\"540\" alt=\"\" class=\"slider-2932 slide-2842 msDefaultImage\" \/><\/li>\n                <li style=\"display: none; width: 100%;\" class=\"slide-5108 ms-image \" aria-roledescription=\"slide\" data-date=\"2023-10-19 11:52:59\" data-filename=\"Relax-Area_3-540x307.jpg\" data-slide-type=\"image\"><img loading=\"lazy\" decoding=\"async\" src=\"https:\/\/fujicac.com\/wp-content\/uploads\/2023\/10\/Relax-Area_3-540x307.jpg\" height=\"307\" width=\"540\" alt=\"\" class=\"slider-2932 slide-5108 msDefaultImage\" title=\"Relax Area_#3\" \/><\/li>\n                <li style=\"display: none; width: 100%;\" class=\"slide-5109 ms-image \" aria-roledescription=\"slide\" data-date=\"2023-10-19 11:53:00\" data-filename=\"Relax-Area_2-540x307.jpg\" data-slide-type=\"image\"><img loading=\"lazy\" decoding=\"async\" src=\"https:\/\/fujicac.com\/wp-content\/uploads\/2023\/10\/Relax-Area_2-540x307.jpg\" height=\"307\" width=\"540\" alt=\"\" class=\"slider-2932 slide-5109 msDefaultImage\" title=\"Relax Area_#2\" \/><\/li>\n                <li style=\"display: none; width: 100%;\" class=\"slide-5110 ms-image \" aria-roledescription=\"slide\" data-date=\"2023-10-19 11:53:00\" data-filename=\"Relax-Area_1-540x307.jpg\" data-slide-type=\"image\"><img loading=\"lazy\" decoding=\"async\" src=\"https:\/\/fujicac.com\/wp-content\/uploads\/2023\/10\/Relax-Area_1-540x307.jpg\" height=\"307\" width=\"540\" alt=\"\" class=\"slider-2932 slide-5110 msDefaultImage\" title=\"Relax Area_#1\" \/><\/li>\n            <\/ul>\n        <\/div>\n        \n    <\/div>\n<\/div>\n<p style=\"text-align: center;\">\u0110\u1ecba ch\u1ec9 X\u01b0\u1edfng: 938A9, \u0111\u01b0\u1eddng A, Khu c\u00f4ng nghi\u1ec7p C\u00e1t L\u00e1i, Ph\u01b0\u1eddng Th\u1ea1nh M\u1ef9 L\u1ee3i, Th\u00e0nh ph\u1ed1 Th\u1ee7 \u0110\u1ee9c, Th\u00e0nh Ph\u1ed1 H\u1ed3 Ch\u00ed Minh, Vi\u1ec7t Nam<\/p>\n<p style=\"text-align: center;\">\u00a0<img loading=\"lazy\" decoding=\"async\" class=\"aligncenter size-full wp-image-2843\" src=\"http:\/\/fujicac.com\/wp-content\/uploads\/2015\/10\/ws2.png\" alt=\"ws2\" width=\"540\" height=\"268\" srcset=\"https:\/\/fujicac.com\/wp-content\/uploads\/2015\/10\/ws2.png 540w, https:\/\/fujicac.com\/wp-content\/uploads\/2015\/10\/ws2-300x149.png 300w, https:\/\/fujicac.com\/wp-content\/uploads\/2015\/10\/ws2-100x50.png 100w\" sizes=\"auto, (max-width: 540px) 100vw, 540px\" \/><\/p>\n<p style=\"text-align: left;\">\n<p style=\"text-align: justify;\">V\u1edbi chuy\u00ean m\u00f4n v\u1eefng ch\u1eafc v\u00e0 h\u01a1n 20 n\u0103m kinh nghi\u1ec7m s\u00e2u r\u1ed9ng trong h\u1ec7 th\u1ed1ng C\u01a1 \u0111i\u1ec7n v\u00e0 t\u1ef1 \u0111\u1ed9ng h\u00f3a, c\u00f9ng k\u1ef9 n\u0103ng qu\u1ea3n l\u00fd D\u1ef1 \u00e1n chuy\u00ean nghi\u1ec7p, ch\u00fang t\u00f4i \u0111\u1ea3m b\u1ea3o cung c\u1ea5p s\u1ea3n ph\u1ea9m v\u00e0 d\u1ecbch v\u1ee5 ch\u1ea5t l\u01b0\u1ee3ng cao, c\u00f9ng gi\u1ea3i ph\u00e1p v\u00e0 chi ph\u00ed t\u1ed1i \u01b0u \u0111\u1ebfn kh\u00e1ch h\u00e0ng.<\/p>\n<p style=\"text-align: justify;\"><img loading=\"lazy\" decoding=\"async\" class=\"size-full wp-image-2514 aligncenter\" src=\"http:\/\/fujicac.com\/wp-content\/uploads\/2015\/10\/workshop_corevalue.png\" alt=\"workshop_corevalue\" width=\"937\" height=\"93\" srcset=\"https:\/\/fujicac.com\/wp-content\/uploads\/2015\/10\/workshop_corevalue.png 937w, https:\/\/fujicac.com\/wp-content\/uploads\/2015\/10\/workshop_corevalue-300x30.png 300w\" sizes=\"auto, (max-width: 937px) 100vw, 937px\" \/><br \/>\n<strong>Kh\u1ea3 n\u0103ng cung c\u1ea5p c\u1ee7a X\u01b0\u1edfng s\u1ea3n xu\u1ea5t:<\/strong><\/p>\n<ul style=\"text-align: justify;\">\n<li>Cung c\u1ea5p T\u1ee7 \u0110i\u1ec7n H\u1ea1 Th\u1ebf (MDB, MCC, DB) v\u00e0 T\u1ee7 \u0111i\u1ec1u khi\u1ec3n cho kh\u00e1ch h\u00e0ng, nh\u00e0 th\u1ea7u v\u00e0 d\u1ef1 \u00e1n c\u1ee7a Fuji CAC.<\/li>\n<\/ul>\n<p style=\"text-align: justify;\"><strong>Ti\u1ec7n \u00edch \u0111\u1ebfn kh\u00e1ch h\u00e0ng:<\/strong><\/p>\n<ul style=\"text-align: justify;\">\n<li>Cung c\u1ea5p \u0111\u1ea7y \u0111\u1ee7 v\u00e0 \u0111a d\u1ea1ng c\u00e1c lo\u1ea1i T\u1ee7 \u0111i\u1ec7n, t\u1eeb T\u1ee7 \u0111i\u1ec7n h\u1ea1 th\u1ebf \u0111\u00e3 \u0111\u01b0\u1ee3c ki\u1ec3m \u0111\u1ecbnh cho \u0111\u1ebfn c\u00e1c lo\u1ea1i T\u1ee7 ph\u00e2n ph\u1ed1i, T\u1ee7 \u0111i\u1ec1u khi\u1ec3n thi\u1ebft k\u1ebf ri\u00eang theo y\u00eau c\u1ea7u c\u1ee7a kh\u00e1ch h\u00e0ng.<\/li>\n<li>Cung c\u1ea5p c\u01a1 s\u1edf v\u1eadt ch\u1ea5t \u0111\u01b0\u1ee3c trang b\u1ecb t\u1ed1t cho c\u00f4ng t\u00e1c Ki\u1ec3m tra tr\u01b0\u1edbc khi xu\u1ea5t x\u01b0\u1edfng (FAT).<\/li>\n<li>Th\u1ef1c hi\u1ec7n tr\u1ecdn g\u00f3i quy tr\u00ecnh s\u1ea3n ph\u1ea9m &amp; d\u1ecbch v\u1ee5: Thi\u1ebft k\u1ebf - Ch\u1ebf t\u1ea1o - FAT - Cung c\u1ea5p - L\u1eafp \u0111\u1eb7t - V\u1eadn h\u00e0nh - Ki\u1ec3m tra t\u1ea1i c\u00f4ng tr\u01b0\u1eddng (SAT) v\u00e0 Chuy\u1ec3n giao.<\/li>\n<\/ul>\n<p style=\"text-align: justify;\"><strong>Kh\u1ea3 n\u0103ng cung c\u1ea5p d\u1ecbch v\u1ee5 v\u00e0 c\u00e1c s\u1ea3n ph\u1ea9m t\u1eeb X\u01b0\u1edfng:<\/strong><\/p>\n<ul>\n<li style=\"text-align: justify;\">T\u1ee7 ph\u00e2n ph\u1ed1i h\u1ea1 th\u1ebf v\u00e0 T\u1ee7 \u0111i\u1ec1u khi\u1ec3n \u0111\u1ed9ng c\u01a1 (MCC), T\u1ee7 \u0111i\u1ec1u khi\u1ec3n PLC, DCS, V\u1ecf m\u00e1y bi\u1ebfn \u00e1p kh\u00f4, d\u1ecbch v\u1ee5 gia c\u00f4ng kim lo\u1ea1i t\u1ea5m...<\/li>\n<\/ul>","protected":false},"excerpt":{"rendered":"X\u01b0\u1edfng s\u1ea3n xu\u1ea5t c\u1ee7a Fuji CAC \u0111\u1eb7t t\u1ea1i Khu c\u00f4ng nghi\u1ec7p C\u00e1t L\u00e1i, di\u1ec7n t\u00edch h\u01a1n 3,000m2, \u0111\u01b0\u1ee3c trang b\u1ecb c\u00e1c m\u00e1y gia c\u00f4ng c\u01a1 kh\u00ed chuy\u00ean d\u00f9ng nh\u01b0 m\u00e1y phay CNC, m\u00e1y ch\u1ea5n, m\u00e1y \u0111\u1ed9t, m\u00e1y c\u1eaft, m\u00e1y khoan, m\u00e1y h\u00e0n, m\u00e1y gia c\u00f4ng thanh c\u00e1i Busbar 3in1, c\u00e1c m\u00e1y v\u00e0 thi\u1ebft b\u1ecb ki\u1ec3m tra C\u01a1-\u0110i\u1ec7n v\u00e0 c\u00e1c d\u1ee5ng&nbsp;<a href=\"https:\/\/fujicac.com\/vi\/workshop\/\" class=\"read-more\">Continue Reading<\/a>","protected":false},"author":5,"featured_media":0,"parent":0,"menu_order":0,"comment_status":"closed","ping_status":"closed","template":"","meta":{"footnotes":""},"class_list":["post-2139","page","type-page","status-publish","hentry"],"_links":{"self":[{"href":"https:\/\/fujicac.com\/vi\/wp-json\/wp\/v2\/pages\/2139","targetHints":{"allow":["GET"]}}],"collection":[{"href":"https:\/\/fujicac.com\/vi\/wp-json\/wp\/v2\/pages"}],"about":[{"href":"https:\/\/fujicac.com\/vi\/wp-json\/wp\/v2\/types\/page"}],"author":[{"embeddable":true,"href":"https:\/\/fujicac.com\/vi\/wp-json\/wp\/v2\/users\/5"}],"replies":[{"embeddable":true,"href":"https:\/\/fujicac.com\/vi\/wp-json\/wp\/v2\/comments?post=2139"}],"version-history":[{"count":29,"href":"https:\/\/fujicac.com\/vi\/wp-json\/wp\/v2\/pages\/2139\/revisions"}],"predecessor-version":[{"id":5104,"href":"https:\/\/fujicac.com\/vi\/wp-json\/wp\/v2\/pages\/2139\/revisions\/5104"}],"wp:attachment":[{"href":"https:\/\/fujicac.com\/vi\/wp-json\/wp\/v2\/media?parent=2139"}],"curies":[{"name":"wp","href":"https:\/\/api.w.org\/{rel}","templated":true}]}}