{"id":2124,"date":"2015-10-18T16:22:58","date_gmt":"2015-10-18T16:22:58","guid":{"rendered":"http:\/\/localhost\/cac\/?page_id=2124"},"modified":"2023-12-12T08:54:35","modified_gmt":"2023-12-12T01:54:35","slug":"infrastructure-facility-crane-business","status":"publish","type":"page","link":"https:\/\/fujicac.com\/vi\/projects\/infrastructure-facility-crane-business\/","title":{"rendered":"C\u01a0 S\u1ede H\u1ea0 T\u1ea6NG &#038; V\u1eacT CH\u1ea4T V\u00c0 M\u1ea2NG C\u1ea6N C\u1ea8U"},"content":{"rendered":"<p>&nbsp;<\/p>\n<p><strong><u>PH<\/u><\/strong><strong><u>\u1ea0<\/u><\/strong><strong><u>M VI C<\/u><\/strong><strong><u>\u00d4<\/u><\/strong><strong><u>NG VI<\/u><\/strong><strong><u>\u1ec6<\/u><\/strong><strong><u>C CHO NG<\/u><\/strong><strong><u>\u00c0<\/u><\/strong><strong><u>NH C<\/u><\/strong><strong><u>\u01a0<\/u><\/strong><strong><u>\u00a0S<\/u><\/strong><strong><u>\u1ede<\/u><\/strong><strong><u>\u00a0H<\/u><\/strong><strong><u>\u1ea0<\/u><\/strong><strong><u>\u00a0T<\/u><\/strong><strong><u>\u1ea6<\/u><\/strong><strong><u>NG<\/u><\/strong><strong><u>\u00a0<\/u><\/strong><strong><u>&amp;<\/u><\/strong><strong><u>\u00a0<\/u><\/strong><strong><u>V<\/u><\/strong><strong><u>\u1eac<\/u><\/strong><strong><u>T CH<\/u><\/strong><strong><u>\u1ea4<\/u><\/strong><strong><u>T V<\/u><\/strong><strong><u>\u00c0<\/u><\/strong><strong><u>\u00a0M<\/u><\/strong><strong><u>\u1ea2<\/u><\/strong><strong><u>NG C<\/u><\/strong><strong><u>\u1ea6<\/u><\/strong><strong><u>N C<\/u><\/strong><strong><u>\u1ea8<\/u><\/strong><strong><u>U<\/u><\/strong><\/p>\n<p>Thi\u1ebft k\u1ebf chi ti\u1ebft, Ki\u1ec3m so\u00e1t qu\u00e1 tr\u00ecnh mua s\u1eafm, chi ph\u00ed v\u00e0 ti\u1ebfn \u0111\u1ed9, Qu\u1ea3n l\u00fd x\u00e2y d\u1ef1ng.<\/p>\n<p><strong><u>PH<\/u><\/strong><strong><u>\u1ea0<\/u><\/strong><strong><u>M VI CUNG C<\/u><\/strong><strong><u>\u1ea4<\/u><\/strong><strong><u>P CHO NG<\/u><\/strong><strong><u>\u00c0<\/u><\/strong><strong><u>NH C<\/u><\/strong><strong><u>\u01a0<\/u><\/strong><strong><u>\u00a0S<\/u><\/strong><strong><u>\u1ede<\/u><\/strong><strong><u>\u00a0H<\/u><\/strong><strong><u>\u1ea0<\/u><\/strong><strong><u>\u00a0T<\/u><\/strong><strong><u>\u1ea6<\/u><\/strong><strong><u>NG &amp; V<\/u><\/strong><strong><u>\u1eac<\/u><\/strong><strong><u>T CH<\/u><\/strong><strong><u>\u1ea4<\/u><\/strong><strong><u>T V<\/u><\/strong><strong><u>\u00c0<\/u><\/strong><strong><u>\u00a0M<\/u><\/strong><strong><u>\u1ea2<\/u><\/strong><strong><u>NG C<\/u><\/strong><strong><u>\u1ea6<\/u><\/strong><strong><u>N C<\/u><\/strong><strong><u>\u1ea8<\/u><\/strong><strong><u>U<\/u><\/strong><\/p>\n<p><strong>H<\/strong><strong>\u1ec7<\/strong><strong>\u00a0th<\/strong><strong>\u1ed1<\/strong><strong>ng\u00a0<\/strong><strong>\u0111<\/strong><strong>i<\/strong><strong>\u1ec7<\/strong><strong>n tr<\/strong><strong>\u1ecd<\/strong><strong>n g<\/strong><strong>\u00f3<\/strong><strong>i:<\/strong><\/p>\n<ul>\n<li>Tr\u1ea1m \u0111i\u1ec7n ch\u00ednh, T\u1ee7 h\u1ea1 th\u1ebf, T\u1ee7 ph\u00e2n ph\u1ed1i ch\u00ednh, T\u1ee7 \u0111i\u1ec1u khi\u1ec3n \u0111\u1ed9ng c\u01a1.<\/li>\n<li>Thi\u1ebft b\u1ecb chi\u1ebfu s\u00e1ng, H\u1ec7 th\u1ed1ng ti\u1ebfp \u0111\u1ecba v\u00e0 ch\u1ed1ng s\u00e9t, H\u1ec7 th\u1ed1ng \u0111i\u1ec7n nh\u1eb9 (Camera quan s\u00e1t, Thi\u1ebft b\u1ecb b\u00e1o ch\u00e1y, \u0110i\u1ec7n tho\u1ea1i &amp; D\u1eef li\u1ec7u).<\/li>\n<li>\u0110\u1ed9ng c\u01a1 &amp; h\u1ec7 th\u1ed1ng truy\u1ec1n \u0111\u1ed9<\/li>\n<\/ul>\n<p><strong>H<\/strong><strong>\u1ec7<\/strong><strong>\u00a0th<\/strong><strong>\u1ed1<\/strong><strong>ng t<\/strong><strong>\u1ef1<\/strong>\u00a0<strong>\u0111<\/strong><strong>\u1ed9<\/strong><strong>ng h<\/strong><strong>\u00f3<\/strong><strong>a:<\/strong><\/p>\n<ul>\n<li>Thi\u1ebft b\u1ecb \u0111i\u1ec1u khi\u1ec3n l\u1eadp tr\u00ecnh \u0111\u01b0\u1ee3c - H\u1ec7 th\u1ed1ng \u0111i\u1ec1u khi\u1ec3n gi\u00e1m s\u00e1t v\u00e0 thu th\u1eadp d\u1eef li\u1ec7u, H\u1ec7 th\u1ed1ng \u0111i\u1ec1u khi\u1ec3n ph\u00e2n t\u00e1n, T\u1ee7 \u0111i\u1ec1u khi\u1ec3<\/li>\n<\/ul>\n<p><strong>Kh\u00ed c<\/strong><strong>\u1ee5<\/strong>\u00a0<strong>\u0111<\/strong><strong>o ki<\/strong><strong>\u1ec3<\/strong><strong>m:<\/strong><\/p>\n<ul>\n<li>C\u00e2n m\u00e1y, nhi\u1ec7t \u0111\u1ed9, \u00c1p su\u1ea5t, thi\u1ebft b\u1ecb ph\u00e2n t\u00ed<\/li>\n<\/ul>\n<p><strong>H<\/strong><strong>\u1ec7<\/strong><strong>\u00a0th<\/strong><strong>\u1ed1<\/strong><strong>ng ki<\/strong><strong>\u1ec3<\/strong><strong>m so<\/strong><strong>\u00e1<\/strong><strong>t thi<\/strong><strong>\u1ebf<\/strong><strong>t b<\/strong><strong>\u1ecb<\/strong><strong>\u00a0ph<\/strong><strong>\u1ee5<\/strong><strong>\u00a0tr<\/strong><strong>\u1ee3<\/strong><strong>\u00a0(FMCS).<\/strong><\/p>\n","protected":false},"excerpt":{"rendered":"&nbsp; PH\u1ea0M VI C\u00d4NG VI\u1ec6C CHO NG\u00c0NH C\u01a0\u00a0S\u1ede\u00a0H\u1ea0\u00a0T\u1ea6NG\u00a0&amp;\u00a0V\u1eacT CH\u1ea4T V\u00c0\u00a0M\u1ea2NG C\u1ea6N C\u1ea8U Thi\u1ebft k\u1ebf chi ti\u1ebft, Ki\u1ec3m so\u00e1t qu\u00e1 tr\u00ecnh mua s\u1eafm, chi ph\u00ed v\u00e0 ti\u1ebfn \u0111\u1ed9, Qu\u1ea3n l\u00fd x\u00e2y d\u1ef1ng. PH\u1ea0M VI CUNG C\u1ea4P CHO NG\u00c0NH C\u01a0\u00a0S\u1ede\u00a0H\u1ea0\u00a0T\u1ea6NG &amp; V\u1eacT CH\u1ea4T V\u00c0\u00a0M\u1ea2NG C\u1ea6N C\u1ea8U H\u1ec7\u00a0th\u1ed1ng\u00a0\u0111i\u1ec7n tr\u1ecdn g\u00f3i: Tr\u1ea1m \u0111i\u1ec7n ch\u00ednh, T\u1ee7 h\u1ea1 th\u1ebf, T\u1ee7 ph\u00e2n ph\u1ed1i ch\u00ednh, T\u1ee7 \u0111i\u1ec1u khi\u1ec3n&nbsp;<a href=\"https:\/\/fujicac.com\/vi\/projects\/infrastructure-facility-crane-business\/\" class=\"read-more\">Continue Reading<\/a>","protected":false},"author":5,"featured_media":0,"parent":9,"menu_order":0,"comment_status":"closed","ping_status":"closed","template":"page-Portfolio4Cols-filterable.php","meta":{"footnotes":""},"class_list":["post-2124","page","type-page","status-publish","hentry"],"_links":{"self":[{"href":"https:\/\/fujicac.com\/vi\/wp-json\/wp\/v2\/pages\/2124","targetHints":{"allow":["GET"]}}],"collection":[{"href":"https:\/\/fujicac.com\/vi\/wp-json\/wp\/v2\/pages"}],"about":[{"href":"https:\/\/fujicac.com\/vi\/wp-json\/wp\/v2\/types\/page"}],"author":[{"embeddable":true,"href":"https:\/\/fujicac.com\/vi\/wp-json\/wp\/v2\/users\/5"}],"replies":[{"embeddable":true,"href":"https:\/\/fujicac.com\/vi\/wp-json\/wp\/v2\/comments?post=2124"}],"version-history":[{"count":13,"href":"https:\/\/fujicac.com\/vi\/wp-json\/wp\/v2\/pages\/2124\/revisions"}],"predecessor-version":[{"id":5257,"href":"https:\/\/fujicac.com\/vi\/wp-json\/wp\/v2\/pages\/2124\/revisions\/5257"}],"up":[{"embeddable":true,"href":"https:\/\/fujicac.com\/vi\/wp-json\/wp\/v2\/pages\/9"}],"wp:attachment":[{"href":"https:\/\/fujicac.com\/vi\/wp-json\/wp\/v2\/media?parent=2124"}],"curies":[{"name":"wp","href":"https:\/\/api.w.org\/{rel}","templated":true}]}}