{"id":2121,"date":"2015-10-18T16:21:35","date_gmt":"2015-10-18T16:21:35","guid":{"rendered":"http:\/\/localhost\/cac\/?page_id=2121"},"modified":"2023-12-12T09:01:57","modified_gmt":"2023-12-12T02:01:57","slug":"oil-gas-power","status":"publish","type":"page","link":"https:\/\/fujicac.com\/vi\/projects\/oil-gas-power\/","title":{"rendered":"D\u1ea7u kh\u00ed &#038; N\u0103ng l\u01b0\u1ee3ng"},"content":{"rendered":"<p>&nbsp;<\/p>\n<p><strong>PH<\/strong><strong>\u1ea0<\/strong><strong>M VI C<\/strong><strong>\u00d4<\/strong><strong>NG VI<\/strong><strong>\u1ec6<\/strong><strong>C<\/strong><strong>\u00a0<\/strong><strong>TRONG L<\/strong><strong>\u0128<\/strong><strong>NH V<\/strong><strong>\u1ef0<\/strong><strong>C D<\/strong><strong>\u1ea6<\/strong><strong>U KH<\/strong><strong>\u00cd<\/strong><strong>, GAS &amp;\u00a0<\/strong><strong>\u0110<\/strong><strong>I<\/strong><strong>\u1ec6<\/strong><strong>N<\/strong><\/p>\n<ul>\n<li>Ki\u1ec3m so\u00e1t chi ti\u1ebft thi\u1ebft k\u1ebf v\u00e0 h\u1ed3 s\u01a1, ti\u1ebfn \u0111\u1ed9, Qu\u00e1 tr\u00ecnh mua s\u1eafm &amp; th\u1ef1c thi. H\u01b0\u1edbng d\u1eabn c\u00e0i \u0111\u1eb7t, D\u1ecbch v\u1ee5 v\u1eadn h\u00e0nh tr\u00ean b\u1edd v\u00e0 ngo\u00e0i kh\u01a1i theo hai ti\u00eau chu\u1ea9n Qu\u1ed1c t\u1ebf Hoa K\u1ef3\/ Hi\u1ec7p h\u1ed9i c\u00e1c nh\u00e0 s\u1ea3n xu\u1ea5t thi\u1ebft b\u1ecb \u0111i\u1ec7n qu\u1ed1c gia c\u1ee7a M\u1ef9 v\u00e0 ti\u00eau chu\u1ea9n \u1ee6y ban K\u1ef9 thu\u1eadt \u0111i\u1ec7n Qu\u1ed1c t\u1ebf.<\/li>\n<\/ul>\n<p><strong>PH<\/strong><strong>\u1ea0<\/strong><strong>M VI<\/strong><strong>\u00a0<\/strong><strong>CUNG C<\/strong><strong>\u1ea4<\/strong><strong>P<\/strong><strong>\u00a0<\/strong><strong>TRONG L<\/strong><strong>\u0128<\/strong><strong>NH V<\/strong><strong>\u1ef0<\/strong><strong>C D<\/strong><strong>\u1ea6<\/strong><strong>U KH<\/strong><strong>\u00cd<\/strong><strong>, GAS &amp;\u00a0<\/strong><strong>\u0110<\/strong><strong>I<\/strong><strong>\u1ec6<\/strong><strong>N<\/strong><\/p>\n<ul>\n<li>M\u00e1y bi\u1ebfn \u00e1p: M\u00e1y bi\u1ebfn \u00e1p \u01b0\u1edbt v\u00e0 M\u00e1y bi\u1ebfn \u00e1p kh\u00f4.<\/li>\n<li>T\u1ee7 trung th\u1ebf, h\u1ea1 th\u1ebf, T\u1ee7 ph\u00e2n ph\u1ed1i nh\u1ecf.<\/li>\n<li>B\u1ea3ng \u0111i\u1ec1u khi\u1ec3n m\u00e1y ph\u00e1t v\u00e0 t\u01b0 h\u00f2<\/li>\n<li>T\u1ee7 \u0111i\u1ec1u khi\u1ec3n \u0111\u1ed9ng c\u01a1 &amp; \u0111i\u1ec1u khi\u1ec3n \u0111\u1ed9ng c\u01a1 th\u00f4ng minh (MCC &amp; IMCC).<\/li>\n<li>Thanh d\u1eabn \u0111i\u1ec7<\/li>\n<li>\u0110\u1ed9ng c\u01a1 &amp; h\u1ec7 th\u1ed1ng truy\u1ec1n \u0111\u1ed9<\/li>\n<li>\u0110i\u1ec7n tr\u1edf n\u1ed1i \u0111\u1ea5t trung t\u00ednh (NGR).<\/li>\n<li>D\u1ee5ng c\u1ee5 x\u1eed l\u00fd v\u00e0 thi\u1ebft b\u1ecb ph\u00e2n t\u00edch kh\u00ed.<\/li>\n<li>Thi\u1ebft b\u1ecb \u0111i\u1ec1u khi\u1ec3n l\u1eadp tr\u00ecnh \u0111\u01b0\u1ee3c (PLC), H\u1ec7 th\u1ed1ng \u0111i\u1ec1u khi\u1ec3n ph\u00e2n t\u00e1n (DCS).<\/li>\n<li>H\u1ec7 th\u1ed1ng ki\u1ec3m so\u00e1t v\u00e0 an to\u00e0n t\u00edch h\u1ee3<\/li>\n<li>\u0110\u1ed3ng h\u1ed3 \u0111o l\u01b0u l\u01b0\u1ee3ng, l\u1eafp r\u00e1p thi\u1ebft b\u1ecb \u0111\u01b0\u1eddng \u1ed1ng v\u00e0 cung c\u1ea5p h\u1ec7 th\u1ed1ng ho\u00e0n ch\u1ec9<\/li>\n<li>H\u1ec7 th\u1ed1ng gi\u00e1m s\u00e1t b\u1ee5<\/li>\n<\/ul>","protected":false},"excerpt":{"rendered":"&nbsp; PH\u1ea0M VI C\u00d4NG VI\u1ec6C\u00a0TRONG L\u0128NH V\u1ef0C D\u1ea6U KH\u00cd, GAS &amp;\u00a0\u0110I\u1ec6N Ki\u1ec3m so\u00e1t chi ti\u1ebft thi\u1ebft k\u1ebf v\u00e0 h\u1ed3 s\u01a1, ti\u1ebfn \u0111\u1ed9, Qu\u00e1 tr\u00ecnh mua s\u1eafm &amp; th\u1ef1c thi. H\u01b0\u1edbng d\u1eabn c\u00e0i \u0111\u1eb7t, D\u1ecbch v\u1ee5 v\u1eadn h\u00e0nh tr\u00ean b\u1edd v\u00e0 ngo\u00e0i kh\u01a1i theo hai ti\u00eau chu\u1ea9n Qu\u1ed1c t\u1ebf Hoa K\u1ef3\/ Hi\u1ec7p h\u1ed9i c\u00e1c nh\u00e0 s\u1ea3n xu\u1ea5t thi\u1ebft b\u1ecb \u0111i\u1ec7n qu\u1ed1c&nbsp;<a href=\"https:\/\/fujicac.com\/vi\/projects\/oil-gas-power\/\" class=\"read-more\">Continue Reading<\/a>","protected":false},"author":5,"featured_media":0,"parent":9,"menu_order":0,"comment_status":"closed","ping_status":"closed","template":"page-Portfolio4Cols-filterable.php","meta":{"footnotes":""},"class_list":["post-2121","page","type-page","status-publish","hentry"],"_links":{"self":[{"href":"https:\/\/fujicac.com\/vi\/wp-json\/wp\/v2\/pages\/2121","targetHints":{"allow":["GET"]}}],"collection":[{"href":"https:\/\/fujicac.com\/vi\/wp-json\/wp\/v2\/pages"}],"about":[{"href":"https:\/\/fujicac.com\/vi\/wp-json\/wp\/v2\/types\/page"}],"author":[{"embeddable":true,"href":"https:\/\/fujicac.com\/vi\/wp-json\/wp\/v2\/users\/5"}],"replies":[{"embeddable":true,"href":"https:\/\/fujicac.com\/vi\/wp-json\/wp\/v2\/comments?post=2121"}],"version-history":[{"count":7,"href":"https:\/\/fujicac.com\/vi\/wp-json\/wp\/v2\/pages\/2121\/revisions"}],"predecessor-version":[{"id":4170,"href":"https:\/\/fujicac.com\/vi\/wp-json\/wp\/v2\/pages\/2121\/revisions\/4170"}],"up":[{"embeddable":true,"href":"https:\/\/fujicac.com\/vi\/wp-json\/wp\/v2\/pages\/9"}],"wp:attachment":[{"href":"https:\/\/fujicac.com\/vi\/wp-json\/wp\/v2\/media?parent=2121"}],"curies":[{"name":"wp","href":"https:\/\/api.w.org\/{rel}","templated":true}]}}