{"id":14,"date":"2011-07-14T19:47:05","date_gmt":"2011-07-14T19:47:05","guid":{"rendered":"http:\/\/192.168.9.29\/Development\/TB\/?page_id=14"},"modified":"2020-11-04T12:01:34","modified_gmt":"2020-11-04T05:01:34","slug":"contacts","status":"publish","type":"page","link":"https:\/\/fujicac.com\/vi\/contacts\/","title":{"rendered":"Contacts"},"content":{"rendered":"<div class=\"mp-row-fluid motopress-row mpce-dsbl-margin-left mpce-dsbl-margin-right\">\n<div class=\"motopress-clmn mp-span12  mpce-dsbl-margin-left mpce-dsbl-margin-right\">\n<div class=\"mp-row-fluid motopress-row mpce-dsbl-margin-left mpce-dsbl-margin-right\">\n<div class=\"motopress-clmn mp-span6 mpce-dsbl-margin-left mpce-dsbl-margin-right\">\n<p><strong><span style=\"text-decoration: underline;\"><span class=\"text\">V\u0103n ph\u00f2ng<\/span><\/span><\/strong><span class=\"text\"><strong><span style=\"text-decoration: underline;\">\u00a0kinh doanh:<\/span><\/strong> S\u1ed118, \u0110\u01b0\u1eddng s\u1ed122, khu ph\u1ed12, Ph\u01b0\u1eddng B\u00ecnh An, Qu\u1eadn 2\u00a0 Street (18 ), Binh An Ward, District 2, Ho Chi Minh city, Vietnam<\/span><\/p>\n<p><a style=\"border: 0;\" href=\"http:\/\/&lt;iframe src=\">\"&gt;<iframe loading=\"lazy\" src=\"https:\/\/www.google.com\/maps\/embed?pb=!1m18!1m12!1m3!1d3919.1947644841953!2d106.72713551405663!3d10.796390092307972!2m3!1f0!2f0!3f0!3m2!1i1024!2i768!4f13.1!3m3!1m2!1s0x3175260362a27297%3A0x1e8a78b16d0987c2!2sFuji%20CAC%20JSC%20(Business%20office)!5e0!3m2!1sen!2sus!4v1582012931591!5m2!1sen!2sus\" width=\"600\" height=\"450\" frameborder=\"0\" allowfullscreen=\"allowfullscreen\"><\/iframe><\/a><\/p>\n<p><span style=\"font-size: 14pt;\">TH\u00d4NG TIN LI\u00caN H\u1ec6<\/span><\/p>\n<p><span style=\"text-decoration: underline;\"><strong>V\u0103n ph\u00f2ng kinh doanh:<\/strong> S\u1ed118, \u0110\u01b0\u1eddng s\u1ed122, khu ph\u1ed12, Ph\u01b0\u1eddng B\u00ecnh An, Qu\u1eadn 2\u00a0 Street (18 ), Binh An Ward, District 2, Ho Chi Minh city, Vietnam<\/span><\/p>\n<p><span style=\"text-decoration: underline;\"><strong>Tr\u1ee5 s\u1edf ch\u00ednh v\u00e0 Nh\u00e0 x\u01b0\u1edfng:<\/strong><\/span>\u00a0938A9, \u0110\u01b0\u1eddng A (C\u1ee5m 2), Khu C\u00f4ng Nghi\u1ec7p C\u00e1t L\u00e1i, Ph\u01b0\u1eddng Th\u1ea1nh M\u1ef9 L\u1ee3i, Qu\u1eadn 2, Th\u00e0nh ph\u1ed1 H\u1ed3 Ch\u00ed Minh.<\/p>\n<p>Tel: +84 2837 420959<\/p>\n<p>Fax: +84 2837 420891<\/p>\n<h2>\u00a0<\/h2>\n<h2>\u00a0<\/h2>\n<\/div>\n<div class=\"motopress-clmn mp-span6 mpce-dsbl-margin-left mpce-dsbl-margin-right\">\n<div class=\"motopress-code-obj\">\n<p style=\"text-align: justify;\"><span style=\"text-decoration: underline;\"><strong>Tr\u1ee5 s\u1edf ch\u00ednh v\u00e0 Nh\u00e0 X\u01b0\u1edfng:<\/strong><\/span>\u00a0938 A9, \u0110\u01b0\u1eddng A (C\u1ee5m 2), Khu C\u00f4ng nghi\u1ec7p C\u00e1t L\u00e1i, Ph\u01b0\u1eddng Th\u1ea1nh M\u1ef9 L\u1ee3i, Qu\u1eadn 2, Th\u00e0nh Ph\u1ed1 H\u1ed3 Ch\u00ed Minh, Vi\u1ec7t Nam<\/p>\n<p><a style=\"border: 0;\" href=\"http:\/\/&lt;iframe src=\">\"&gt;<iframe loading=\"lazy\" src=\"https:\/\/www.google.com\/maps\/embed?pb=!1m18!1m12!1m3!1d3919.657040452852!2d106.77739611405623!3d10.760892892332079!2m3!1f0!2f0!3f0!3m2!1i1024!2i768!4f13.1!3m3!1m2!1s0x31752590594dd05f%3A0xa6d6449a477661eb!2sFuji%20CAC%20Workshop!5e0!3m2!1sen!2s!4v1582013621303!5m2!1sen!2s\" width=\"600\" height=\"450\" frameborder=\"0\" allowfullscreen=\"allowfullscreen\"><\/iframe><\/a><\/p>\n<h2>Contact form<\/h2>\n\n<div class=\"wpcf7 no-js\" id=\"wpcf7-f3269-o2\" lang=\"\" dir=\"ltr\" data-wpcf7-id=\"3269\">\n<div class=\"screen-reader-response\"><p role=\"status\" aria-live=\"polite\" aria-atomic=\"true\"><\/p> <ul><\/ul><\/div>\n<form action=\"\/vi\/wp-json\/wp\/v2\/pages\/14#wpcf7-f3269-o2\" method=\"post\" class=\"wpcf7-form init\" aria-label=\"Form li\u00ean h\u1ec7\" novalidate=\"novalidate\" data-status=\"init\">\n<fieldset class=\"hidden-fields-container\"><input type=\"hidden\" name=\"_wpcf7\" value=\"3269\" \/><input type=\"hidden\" name=\"_wpcf7_version\" value=\"6.1.5\" \/><input type=\"hidden\" name=\"_wpcf7_locale\" value=\"\" \/><input type=\"hidden\" name=\"_wpcf7_unit_tag\" value=\"wpcf7-f3269-o2\" \/><input type=\"hidden\" name=\"_wpcf7_container_post\" value=\"0\" \/><input type=\"hidden\" name=\"_wpcf7_posted_data_hash\" value=\"\" \/>\n<\/fieldset>\n<div class=\"row-fluid\">\n\t<p class=\"span4 field\"><span class=\"wpcf7-form-control-wrap\" data-name=\"your-name\"><input size=\"40\" maxlength=\"400\" class=\"wpcf7-form-control wpcf7-text wpcf7-validates-as-required\" aria-required=\"true\" aria-invalid=\"false\" placeholder=\"T\u00ean:\" value=\"\" type=\"text\" name=\"your-name\" \/><\/span>\n\t<\/p>\n\t<p class=\"span4 field\"><span class=\"wpcf7-form-control-wrap\" data-name=\"your-email\"><input size=\"40\" maxlength=\"400\" class=\"wpcf7-form-control wpcf7-email wpcf7-validates-as-required wpcf7-text wpcf7-validates-as-email\" aria-required=\"true\" aria-invalid=\"false\" placeholder=\"E-mail:\" value=\"\" type=\"email\" name=\"your-email\" \/><\/span>\n\t<\/p>\n\t<p class=\"span4 field\"><span class=\"wpcf7-form-control-wrap\" data-name=\"your-phone\"><input size=\"40\" maxlength=\"400\" class=\"wpcf7-form-control wpcf7-text\" aria-invalid=\"false\" placeholder=\"\u0110i\u1ec7n tho\u1ea1i:\" value=\"\" type=\"text\" name=\"your-phone\" \/><\/span>\n\t<\/p>\n<\/div>\n<p class=\"field\"><span class=\"wpcf7-form-control-wrap\" data-name=\"your-message\"><textarea cols=\"40\" rows=\"10\" maxlength=\"2000\" class=\"wpcf7-form-control wpcf7-textarea\" aria-invalid=\"false\" placeholder=\"N\u1ed9i dung:\" name=\"your-message\"><\/textarea><\/span>\n<\/p>\n<p class=\"submit-wrap\"><input type=\"reset\" value=\"x\u00f3a\" class=\"btn btn-primary\" \/><input class=\"wpcf7-form-control wpcf7-submit has-spinner btn btn-primary\" type=\"submit\" value=\"g\u1eedi\" \/>\n<\/p><div class=\"wpcf7-response-output\" aria-hidden=\"true\"><\/div>\n<\/form>\n<\/div>\n\n<\/div>\n<\/div>\n<\/div>\n<\/div>\n<\/div>","protected":false},"excerpt":{"rendered":"","protected":false},"author":5,"featured_media":0,"parent":0,"menu_order":6,"comment_status":"closed","ping_status":"closed","template":"page-fullwidth.php","meta":{"footnotes":""},"class_list":["post-14","page","type-page","status-publish","hentry"],"_links":{"self":[{"href":"https:\/\/fujicac.com\/vi\/wp-json\/wp\/v2\/pages\/14","targetHints":{"allow":["GET"]}}],"collection":[{"href":"https:\/\/fujicac.com\/vi\/wp-json\/wp\/v2\/pages"}],"about":[{"href":"https:\/\/fujicac.com\/vi\/wp-json\/wp\/v2\/types\/page"}],"author":[{"embeddable":true,"href":"https:\/\/fujicac.com\/vi\/wp-json\/wp\/v2\/users\/5"}],"replies":[{"embeddable":true,"href":"https:\/\/fujicac.com\/vi\/wp-json\/wp\/v2\/comments?post=14"}],"version-history":[{"count":14,"href":"https:\/\/fujicac.com\/vi\/wp-json\/wp\/v2\/pages\/14\/revisions"}],"predecessor-version":[{"id":4315,"href":"https:\/\/fujicac.com\/vi\/wp-json\/wp\/v2\/pages\/14\/revisions\/4315"}],"wp:attachment":[{"href":"https:\/\/fujicac.com\/vi\/wp-json\/wp\/v2\/media?parent=14"}],"curies":[{"name":"wp","href":"https:\/\/api.w.org\/{rel}","templated":true}]}}