{"id":1280,"date":"2012-10-23T09:26:11","date_gmt":"2012-10-23T09:26:11","guid":{"rendered":"http:\/\/192.168.9.29\/Development\/TB\/?page_id=1280"},"modified":"2020-07-16T16:17:22","modified_gmt":"2020-07-16T09:17:22","slug":"chemical-pharmaceutical","status":"publish","type":"page","link":"https:\/\/fujicac.com\/vi\/projects\/chemical-pharmaceutical\/","title":{"rendered":"H\u00f3a ch\u1ea5t &#038; Ph\u00e2n b\u00f3n"},"content":{"rendered":"<h4><strong><u>PH<\/u><\/strong><strong><u>\u1ea0<\/u><\/strong><strong><u>M VI C<\/u><\/strong><strong><u>\u00d4<\/u><\/strong><strong><u>NGVI<\/u><\/strong><strong><u>\u1ec6<\/u><\/strong><strong><u>C T<\/u><\/strong><strong><u>RONG NG\u00c0NH H\u00d3A CH<\/u><\/strong><strong><u>\u1ea4<\/u><\/strong><strong><u>T &amp; PH<\/u><\/strong><strong><u>\u00c2<\/u><\/strong><strong><u>N B<\/u><\/strong><strong><u>\u00d3<\/u><\/strong><strong><u>N:<\/u><\/strong><\/h4>\n<ul>\n<li>K\u1ef9 thu\u1eadt chi ti\u1ebft, ki\u1ec3m so\u00e1t qu\u00e1 tr\u00ecnh mua s\u1eafm, chi ph\u00ed v\u00e0 ti\u1ebfn \u0111\u1ed9, Qu\u1ea3n l\u00fd x\u00e2y d\u1ef1<\/li>\n<li>Ki\u1ec3m tra v\u00e0 ch\u1ea1y th\u1eed cho h\u1ec7 th\u1ed1ng \u0111i\u1ec1u khi\u1ec3n nh\u00e0 m\u00e1y.<\/li>\n<\/ul>\n<h4><strong><u>PH<\/u><\/strong><strong><u>\u1ea0<\/u><\/strong><strong><u>M VI CUNG C<\/u><\/strong><strong><u>\u1ea4<\/u><\/strong><strong><u>P T<\/u><\/strong><strong><u>RONG\u00a0NG\u00c0NH H\u00d3A CH<\/u><\/strong><strong><u>\u1ea4<\/u><\/strong><strong><u>T &amp; PH<\/u><\/strong><strong><u>\u00c2<\/u><\/strong><strong><u>N B<\/u><\/strong><strong><u>\u00d3<\/u><\/strong><strong><u>N:<\/u><\/strong><\/h4>\n<p><strong>H<\/strong><strong>\u1ec7<\/strong><strong>\u00a0th<\/strong><strong>\u1ed1<\/strong><strong>ng\u00a0<\/strong><strong>\u0110<\/strong><strong>i<\/strong><strong>\u1ec7<\/strong><strong>n, T<\/strong><strong>\u1ef1<\/strong>\u00a0<strong>\u0111<\/strong><strong>\u1ed9<\/strong><strong>ng h<\/strong><strong>\u00f3<\/strong><strong>a v<\/strong><strong>\u00e0<\/strong>\u00a0<strong>\u0111<\/strong><strong>o l<\/strong><strong>\u01b0\u1edd<\/strong><strong>ng:<\/strong><\/p>\n<ul>\n<li>Thi\u1ebft b\u1ecb ch\u1ed1ng ch\u00e1y n\u1ed5, Thi\u1ebft b\u1ecb \u0111o l\u01b0\u1eddng cho d\u00e2y chuy\u1ec1n c\u00f4ng ngh\u1ec7 v\u00e0 H\u1ec7 th\u1ed1ng qu\u1ea3n l\u00fd kh\u00ed th\u1ea3i (CEMS).<\/li>\n<li>T\u1ef1 \u0111\u1ed9ng h\u00f3a (H\u1ec7 th\u1ed1ng \u0111i\u1ec1u khi\u1ec3n ph\u00e2n t\u00e1n + Batch), T\u1ee7 \u0111i\u1ec1u khi\u1ec3n \u0111\u1ed9ng c\u01a1, G\u00f3i C\u00e1p &amp; C\u00e2<\/li>\n<li>Ho\u00e0n th\u00e0nh h\u1ec7 th\u1ed1ng \u0111i\u1ec7n tr\u1ecdn g\u00f3i: Tr\u1ea1m \u0111i\u1ec7n ch\u00ednh, T\u1ee7 H\u1ea1 th\u1ebf, T\u1ee7 ph\u00e2n ph\u1ed1i ch\u00ednh, T\u1ee7 \u0111i\u1ec1u khi\u1ec3n \u0111\u1ed9ng c\u01a1, Thi\u1ebft b\u1ecb chi\u1ebfu s\u00e1ng, H\u1ec7 th\u1ed1ng ti\u1ebfp \u0111\u1ecba v\u00e0 ch\u1ed1ng s\u00e9t, H\u1ec7 th\u1ed1ng \u0111i\u1ec7n nh\u1eb9 (Camera quan s\u00e1t, Thi\u1ebft b\u1ecb b\u00e1o ch\u00e1y, \u0110i\u1ec7n tho\u1ea1i &amp; D\u1eef li\u1ec7u).<\/li>\n<li>M\u00e1y ph\u00e1t \u0111i\u1ec7n Diesel, H\u1ec7 th\u1ed1ng ngu\u1ed3n \u0111i\u1ec7n d\u1ef1 ph\u00f2ng v\u00e0 ph\u1ee5 ki\u1ec7<\/li>\n<li>\u0110\u1ed9ng c\u01a1 v\u00e0 h\u1ec7 th\u1ed1ng truy\u1ec1n \u0111\u1ed9<\/li>\n<\/ul>\n<p><strong>H<\/strong><strong>\u1ec7<\/strong><strong>\u00a0th<\/strong><strong>\u00f4<\/strong><strong>ng c<\/strong><strong>\u1ea5<\/strong><strong>p tho<\/strong><strong>\u00e1<\/strong><strong>t n<\/strong><strong>\u01b0\u1edb<\/strong><strong>c v<\/strong><strong>\u00e0<\/strong><strong>\u00a0ch<\/strong><strong>\u1eef<\/strong><strong>a ch<\/strong><strong>\u00e1<\/strong><strong>y:<\/strong><\/p>\n<ul>\n<li>Tr\u1ea1m b\u01a1m ch\u1eefa ch\u00e1y &amp; \u0111\u01b0\u1eddng \u1ed1ng ph\u00e2n ph\u1ed1i n\u01b0\u1edb<\/li>\n<li>H\u1ec7 th\u1ed1ng phun n\u01b0\u1edb<\/li>\n<li>H\u1ec7 th\u1ed1ng\u00a0c\u1ea5p v\u00e0 tho\u00e1t n\u01b0\u1edbc<\/li>\n<\/ul>","protected":false},"excerpt":{"rendered":"PH\u1ea0M VI C\u00d4NGVI\u1ec6C TRONG NG\u00c0NH H\u00d3A CH\u1ea4T &amp; PH\u00c2N B\u00d3N: K\u1ef9 thu\u1eadt chi ti\u1ebft, ki\u1ec3m so\u00e1t qu\u00e1 tr\u00ecnh mua s\u1eafm, chi ph\u00ed v\u00e0 ti\u1ebfn \u0111\u1ed9, Qu\u1ea3n l\u00fd x\u00e2y d\u1ef1 Ki\u1ec3m tra v\u00e0 ch\u1ea1y th\u1eed cho h\u1ec7 th\u1ed1ng \u0111i\u1ec1u khi\u1ec3n nh\u00e0 m\u00e1y. PH\u1ea0M VI CUNG C\u1ea4P TRONG\u00a0NG\u00c0NH H\u00d3A CH\u1ea4T &amp; PH\u00c2N B\u00d3N: H\u1ec7\u00a0th\u1ed1ng\u00a0\u0110i\u1ec7n, T\u1ef1\u00a0\u0111\u1ed9ng h\u00f3a v\u00e0\u00a0\u0111o l\u01b0\u1eddng: Thi\u1ebft b\u1ecb ch\u1ed1ng ch\u00e1y&nbsp;<a href=\"https:\/\/fujicac.com\/vi\/projects\/chemical-pharmaceutical\/\" class=\"read-more\">Continue Reading<\/a>","protected":false},"author":5,"featured_media":0,"parent":9,"menu_order":6,"comment_status":"closed","ping_status":"closed","template":"page-Portfolio3Cols-filterable.php","meta":{"footnotes":""},"class_list":["post-1280","page","type-page","status-publish","hentry"],"_links":{"self":[{"href":"https:\/\/fujicac.com\/vi\/wp-json\/wp\/v2\/pages\/1280","targetHints":{"allow":["GET"]}}],"collection":[{"href":"https:\/\/fujicac.com\/vi\/wp-json\/wp\/v2\/pages"}],"about":[{"href":"https:\/\/fujicac.com\/vi\/wp-json\/wp\/v2\/types\/page"}],"author":[{"embeddable":true,"href":"https:\/\/fujicac.com\/vi\/wp-json\/wp\/v2\/users\/5"}],"replies":[{"embeddable":true,"href":"https:\/\/fujicac.com\/vi\/wp-json\/wp\/v2\/comments?post=1280"}],"version-history":[{"count":7,"href":"https:\/\/fujicac.com\/vi\/wp-json\/wp\/v2\/pages\/1280\/revisions"}],"predecessor-version":[{"id":4173,"href":"https:\/\/fujicac.com\/vi\/wp-json\/wp\/v2\/pages\/1280\/revisions\/4173"}],"up":[{"embeddable":true,"href":"https:\/\/fujicac.com\/vi\/wp-json\/wp\/v2\/pages\/9"}],"wp:attachment":[{"href":"https:\/\/fujicac.com\/vi\/wp-json\/wp\/v2\/media?parent=1280"}],"curies":[{"name":"wp","href":"https:\/\/api.w.org\/{rel}","templated":true}]}}