{"id":1278,"date":"2012-10-23T09:25:54","date_gmt":"2012-10-23T09:25:54","guid":{"rendered":"http:\/\/192.168.9.29\/Development\/TB\/?page_id=1278"},"modified":"2020-07-16T16:20:52","modified_gmt":"2020-07-16T09:20:52","slug":"cement-construction-material","status":"publish","type":"page","link":"https:\/\/fujicac.com\/vi\/projects\/cement-construction-material\/","title":{"rendered":"Xi m\u0103ng &#038; H\u1ea1 t\u1ea7ng"},"content":{"rendered":"<p><strong><u>PH<\/u><\/strong><strong><u>\u1ea0<\/u><\/strong><strong><u>M VI C<\/u><\/strong><strong><u>\u00d4<\/u><\/strong><strong><u>NG VI<\/u><\/strong><strong><u>\u1ec6<\/u><\/strong><strong><u>C CHO NG<\/u><\/strong><strong><u>\u00c0<\/u><\/strong><strong><u>NH XI M<\/u><\/strong><strong><u>\u0102<\/u><\/strong><strong><u>NG<\/u><\/strong><strong><u>\u00a0<\/u><\/strong><strong><u>&amp; H<\/u><\/strong><strong><u>\u1ea0<\/u><\/strong><strong><u>\u00a0T<\/u><\/strong><strong><u>\u1ea6<\/u><\/strong><strong><u>NG<\/u><\/strong><\/p>\n<p><strong>- Nh\u00e0 th<\/strong><strong>\u1ea7<\/strong><strong>u EPC<\/strong>, bao g\u1ed3m tr\u1ecdn g\u00f3i thi\u1ebft k\u1ebf, mua s\u1eafm v\u00e0 qu\u1ea3n l\u00fd x\u00e2y d\u1ef1ng cho\u00a0to\u00e0n b\u1ed9 nh\u00e0 m\u00e1y Xi M\u0103ng.<\/p>\n<p>-\u00a0<strong>Thi<\/strong><strong>\u1ebf<\/strong><strong>t k<\/strong><strong>\u1ebf<\/strong><strong>:<\/strong>\u00a0Qu\u1ea3n l\u00fd tr\u1ecdn g\u00f3i d\u1ef1 \u00e1n, Qu\u1ea3n l\u00fd cho d\u00e2y chuy\u1ec1n c\u00f4n ngh\u1ec7, Thi\u1ebft k\u1ebf h\u1ec7 th\u1ed1ng \u0111i\u1ec7n tr\u1ecdn g\u00f3i.<\/p>","protected":false},"excerpt":{"rendered":"PH\u1ea0M VI C\u00d4NG VI\u1ec6C CHO NG\u00c0NH XI M\u0102NG\u00a0&amp; H\u1ea0\u00a0T\u1ea6NG - Nh\u00e0 th\u1ea7u EPC, bao g\u1ed3m tr\u1ecdn g\u00f3i thi\u1ebft k\u1ebf, mua s\u1eafm v\u00e0 qu\u1ea3n l\u00fd x\u00e2y d\u1ef1ng cho\u00a0to\u00e0n b\u1ed9 nh\u00e0 m\u00e1y Xi M\u0103ng. -\u00a0Thi\u1ebft k\u1ebf:\u00a0Qu\u1ea3n l\u00fd tr\u1ecdn g\u00f3i d\u1ef1 \u00e1n, Qu\u1ea3n l\u00fd cho d\u00e2y chuy\u1ec1n c\u00f4n ngh\u1ec7, Thi\u1ebft k\u1ebf h\u1ec7 th\u1ed1ng \u0111i\u1ec7n tr\u1ecdn g\u00f3i.","protected":false},"author":5,"featured_media":0,"parent":9,"menu_order":5,"comment_status":"closed","ping_status":"closed","template":"page-Portfolio4Cols-filterable.php","meta":{"footnotes":""},"class_list":["post-1278","page","type-page","status-publish","hentry"],"_links":{"self":[{"href":"https:\/\/fujicac.com\/vi\/wp-json\/wp\/v2\/pages\/1278","targetHints":{"allow":["GET"]}}],"collection":[{"href":"https:\/\/fujicac.com\/vi\/wp-json\/wp\/v2\/pages"}],"about":[{"href":"https:\/\/fujicac.com\/vi\/wp-json\/wp\/v2\/types\/page"}],"author":[{"embeddable":true,"href":"https:\/\/fujicac.com\/vi\/wp-json\/wp\/v2\/users\/5"}],"replies":[{"embeddable":true,"href":"https:\/\/fujicac.com\/vi\/wp-json\/wp\/v2\/comments?post=1278"}],"version-history":[{"count":9,"href":"https:\/\/fujicac.com\/vi\/wp-json\/wp\/v2\/pages\/1278\/revisions"}],"predecessor-version":[{"id":4214,"href":"https:\/\/fujicac.com\/vi\/wp-json\/wp\/v2\/pages\/1278\/revisions\/4214"}],"up":[{"embeddable":true,"href":"https:\/\/fujicac.com\/vi\/wp-json\/wp\/v2\/pages\/9"}],"wp:attachment":[{"href":"https:\/\/fujicac.com\/vi\/wp-json\/wp\/v2\/media?parent=1278"}],"curies":[{"name":"wp","href":"https:\/\/api.w.org\/{rel}","templated":true}]}}